{"id":720,"date":"2019-12-31T13:26:48","date_gmt":"2019-12-31T12:26:48","guid":{"rendered":"http:\/\/ch-semur.ovh\/?page_id=720"},"modified":"2020-09-07T15:18:45","modified_gmt":"2020-09-07T13:18:45","slug":"les-equipes-de-professionnels","status":"publish","type":"page","link":"http:\/\/www.ch-semur.fr\/index.php\/les-equipes-de-professionnels\/","title":{"rendered":"Les \u00e9quipes de professionnels"},"content":{"rendered":"\n<p class=\"has-text-align-center has-cyan-bluish-gray-color has-text-color\" style=\"font-size:45px\"><strong>Les \u00e9quipes de professionnels<\/strong><\/p>\n\n\n\n<div style=\"height:20px\" aria-hidden=\"true\" class=\"wp-block-spacer\"><\/div>\n\n\n\n<hr class=\"wp-block-separator\"\/>\n\n\n\n<div style=\"height:20px\" aria-hidden=\"true\" class=\"wp-block-spacer\"><\/div>\n\n\n\n<div class=\"wp-block-group\"><div class=\"wp-block-group__inner-container is-layout-flow wp-block-group-is-layout-flow\">\n<figure class=\"wp-block-gallery columns-4 is-cropped wp-block-gallery-1 is-layout-flex wp-block-gallery-is-layout-flex\"><ul class=\"blocks-gallery-grid\"><li class=\"blocks-gallery-item\"><figure><img loading=\"lazy\" decoding=\"async\" width=\"500\" height=\"333\" src=\"http:\/\/ch-semur.ovh\/wp-content\/uploads\/2019\/12\/Re\u0301unionde\u0301quipe-en-psychiatrie-500x333.jpg\" alt=\"\" data-id=\"721\" class=\"wp-image-721\" srcset=\"http:\/\/www.ch-semur.fr\/wp-content\/uploads\/2019\/12\/Re\u0301unionde\u0301quipe-en-psychiatrie-500x333.jpg 500w, http:\/\/www.ch-semur.fr\/wp-content\/uploads\/2019\/12\/Re\u0301unionde\u0301quipe-en-psychiatrie-300x200.jpg 300w, http:\/\/www.ch-semur.fr\/wp-content\/uploads\/2019\/12\/Re\u0301unionde\u0301quipe-en-psychiatrie-768x512.jpg 768w, http:\/\/www.ch-semur.fr\/wp-content\/uploads\/2019\/12\/Re\u0301unionde\u0301quipe-en-psychiatrie-1536x1024.jpg 1536w, http:\/\/www.ch-semur.fr\/wp-content\/uploads\/2019\/12\/Re\u0301unionde\u0301quipe-en-psychiatrie-2048x1365.jpg 2048w, http:\/\/www.ch-semur.fr\/wp-content\/uploads\/2019\/12\/Re\u0301unionde\u0301quipe-en-psychiatrie-1024x683.jpg 1024w, http:\/\/www.ch-semur.fr\/wp-content\/uploads\/2019\/12\/Re\u0301unionde\u0301quipe-en-psychiatrie-1620x1080.jpg 1620w\" sizes=\"auto, (max-width: 500px) 100vw, 500px\" \/><\/figure><\/li><li class=\"blocks-gallery-item\"><figure><img loading=\"lazy\" decoding=\"async\" width=\"500\" height=\"333\" src=\"http:\/\/ch-semur.ovh\/wp-content\/uploads\/2019\/12\/Pharmacie-500x333.jpg\" alt=\"\" data-id=\"736\" data-full-url=\"http:\/\/ch-semur.ovh\/wp-content\/uploads\/2019\/12\/Pharmacie-scaled.jpg\" data-link=\"http:\/\/ch-semur.ovh\/index.php\/les-equipes-de-professionnels\/pharmacie\/\" class=\"wp-image-736\" srcset=\"http:\/\/www.ch-semur.fr\/wp-content\/uploads\/2019\/12\/Pharmacie-500x333.jpg 500w, http:\/\/www.ch-semur.fr\/wp-content\/uploads\/2019\/12\/Pharmacie-300x200.jpg 300w, http:\/\/www.ch-semur.fr\/wp-content\/uploads\/2019\/12\/Pharmacie-768x512.jpg 768w, http:\/\/www.ch-semur.fr\/wp-content\/uploads\/2019\/12\/Pharmacie-1536x1024.jpg 1536w, http:\/\/www.ch-semur.fr\/wp-content\/uploads\/2019\/12\/Pharmacie-2048x1365.jpg 2048w, http:\/\/www.ch-semur.fr\/wp-content\/uploads\/2019\/12\/Pharmacie-1024x683.jpg 1024w, http:\/\/www.ch-semur.fr\/wp-content\/uploads\/2019\/12\/Pharmacie-1620x1080.jpg 1620w\" sizes=\"auto, (max-width: 500px) 100vw, 500px\" \/><\/figure><\/li><li class=\"blocks-gallery-item\"><figure><img loading=\"lazy\" decoding=\"async\" width=\"500\" height=\"500\" src=\"http:\/\/ch-semur.ovh\/wp-content\/uploads\/2019\/12\/Sage-femme-CHSemur-500x500.jpg\" alt=\"\" data-id=\"728\" data-link=\"http:\/\/ch-semur.ovh\/index.php\/les-equipes-de-professionnels\/sage-femme-chsemur\/\" class=\"wp-image-728\" srcset=\"http:\/\/www.ch-semur.fr\/wp-content\/uploads\/2019\/12\/Sage-femme-CHSemur-500x500.jpg 500w, http:\/\/www.ch-semur.fr\/wp-content\/uploads\/2019\/12\/Sage-femme-CHSemur-300x300.jpg 300w, http:\/\/www.ch-semur.fr\/wp-content\/uploads\/2019\/12\/Sage-femme-CHSemur-150x150.jpg 150w, http:\/\/www.ch-semur.fr\/wp-content\/uploads\/2019\/12\/Sage-femme-CHSemur-768x770.jpg 768w, http:\/\/www.ch-semur.fr\/wp-content\/uploads\/2019\/12\/Sage-femme-CHSemur-1532x1536.jpg 1532w, http:\/\/www.ch-semur.fr\/wp-content\/uploads\/2019\/12\/Sage-femme-CHSemur-2042x2048.jpg 2042w, http:\/\/www.ch-semur.fr\/wp-content\/uploads\/2019\/12\/Sage-femme-CHSemur-1024x1027.jpg 1024w, http:\/\/www.ch-semur.fr\/wp-content\/uploads\/2019\/12\/Sage-femme-CHSemur-1077x1080.jpg 1077w\" sizes=\"auto, (max-width: 500px) 100vw, 500px\" \/><\/figure><\/li><li class=\"blocks-gallery-item\"><figure><img loading=\"lazy\" decoding=\"async\" width=\"500\" height=\"333\" src=\"http:\/\/ch-semur.ovh\/wp-content\/uploads\/2019\/12\/Laboratoire3-500x333.jpg\" alt=\"\" data-id=\"732\" data-link=\"http:\/\/ch-semur.ovh\/index.php\/les-equipes-de-professionnels\/laboratoire3\/\" class=\"wp-image-732\" srcset=\"http:\/\/www.ch-semur.fr\/wp-content\/uploads\/2019\/12\/Laboratoire3-500x333.jpg 500w, http:\/\/www.ch-semur.fr\/wp-content\/uploads\/2019\/12\/Laboratoire3-300x200.jpg 300w, http:\/\/www.ch-semur.fr\/wp-content\/uploads\/2019\/12\/Laboratoire3-768x512.jpg 768w, http:\/\/www.ch-semur.fr\/wp-content\/uploads\/2019\/12\/Laboratoire3-1536x1024.jpg 1536w, http:\/\/www.ch-semur.fr\/wp-content\/uploads\/2019\/12\/Laboratoire3-2048x1365.jpg 2048w, http:\/\/www.ch-semur.fr\/wp-content\/uploads\/2019\/12\/Laboratoire3-1024x683.jpg 1024w, http:\/\/www.ch-semur.fr\/wp-content\/uploads\/2019\/12\/Laboratoire3-1620x1080.jpg 1620w\" sizes=\"auto, (max-width: 500px) 100vw, 500px\" \/><\/figure><\/li><\/ul><\/figure>\n<\/div><\/div>\n\n\n\n<div style=\"height:20px\" aria-hidden=\"true\" class=\"wp-block-spacer\"><\/div>\n\n\n\n<h4 class=\"wp-block-heading\"><strong>Au Centre Hospitalier, nous mettons tout en \u0153uvre pour votre sant\u00e9<\/strong><\/h4>\n\n\n\n<p class=\"has-very-dark-gray-color has-text-color\">L&rsquo;\u00e9tablissement est compos\u00e9 de professionnels exer\u00e7ant diff\u00e9rents m\u00e9tiers. Ils sont tous guid\u00e9s par la volont\u00e9 de vous apporter des soins et des prestations de qualit\u00e9. <\/p>\n\n\n\n<div style=\"height:20px\" aria-hidden=\"true\" class=\"wp-block-spacer\"><\/div>\n\n\n\n<h4 class=\"wp-block-heading\"><strong>\u00c9quipe m\u00e9dicale<\/strong><\/h4>\n\n\n\n<ul class=\"wp-block-list\"><li><strong>Les m\u00e9decins <\/strong><br>Ils posent le diagnostic, prescrivent votre traitement et vous informent de votre \u00e9tat de sant\u00e9. Dans chaque unit\u00e9 de soins, un m\u00e9decin est responsable de votre prise en charge. Il vous donnera les informations que vous d\u00e9sirez sur votre \u00e9tat de sant\u00e9.<\/li><\/ul>\n\n\n\n<ul class=\"wp-block-list\"><li> <strong>Les internes<\/strong><br>Ce sont des  m\u00e9decins en formation qui exercent sous la responsabilit\u00e9 d\u2019un praticien hospitalier. <\/li><\/ul>\n\n\n\n<ul class=\"wp-block-list\"><li><strong>Les sages-femmes<\/strong><br>Elles assurent certains examens pr\u00e9nataux et la pr\u00e9paration \u00e0 la naissance. Elles peuvent assurer seules la surveillance du travail et de l\u2019accouchement. Elles vous prennent en charge, ainsi que votre b\u00e9b\u00e9, pendant l\u2019hospitalisation.<\/li><\/ul>\n\n\n\n<div style=\"height:20px\" aria-hidden=\"true\" class=\"wp-block-spacer\"><\/div>\n\n\n\n<h4 class=\"wp-block-heading\"><strong>\u00c9quipe param\u00e9dicale<\/strong><\/h4>\n\n\n\n<ul class=\"wp-block-list\"><li><strong>Les cadres de sant\u00e9<\/strong><br>Ils sont charg\u00e9s de l\u2019organisation et du fonctionnement du service. Ils seront vos interlocuteurs privil\u00e9gi\u00e9s pour tout renseignement.<br><br><\/li><li><strong>Les infirmiers<\/strong><br>Ils dispensent les soins prescrits par le m\u00e9decin et assurent ceux qui rel\u00e8vent de leur r\u00f4le propre.<\/li><\/ul>\n\n\n\n<ul class=\"wp-block-list\"><li><strong>Les aides-soignants<\/strong><br>Ils participent avec les infirmiers \u00e0 la dispensation des soins d\u2019hygi\u00e8ne et de confort.<\/li><\/ul>\n\n\n\n<ul class=\"wp-block-list\"><li><strong>Les auxiliaires de pu\u00e9riculture<\/strong><br>Elles participent aux soins d&rsquo;hygi\u00e8ne, de s\u00e9curit\u00e9 et de confort des nourrissons et assurent des activit\u00e9s de soutien \u00e0 la parentalit\u00e9. <\/li><\/ul>\n\n\n\n<ul class=\"wp-block-list\"><li><strong>Les agents des services hospitaliers qualifi\u00e9s<\/strong><br>Ils sont charg\u00e9s de l\u2019entretien et de l\u2019hygi\u00e8ne des locaux.<\/li><\/ul>\n\n\n\n<div style=\"height:20px\" aria-hidden=\"true\" class=\"wp-block-spacer\"><\/div>\n\n\n\n<h4 class=\"has-text-color wp-block-heading\" style=\"color:#e22b68\"><strong>\u00c0 noter : <\/strong><\/h4>\n\n\n\n<p class=\"has-very-dark-gray-color has-text-color\">D\u2019autres professionnels participent \u00e9galement \u00e0 votre prise en charge et \u00e0 votre confort, tels les secr\u00e9taires m\u00e9dicales, psychologues, orthoptistes, manipulateurs en \u00e9lectro-radiologie, biologistes, pharmaciens, pr\u00e9parateurs en pharmacie, assistants sociaux, brancardiers, di\u00e9t\u00e9ticiennes, masseurs-kin\u00e9sith\u00e9rapeutes, agents des cuisines, personnels des services administratifs, techniques et logistiques etc. <br>Des r\u00e9unions de concertation ont lieu quotidiennement pour assurer le suivi de votre prise en charge par les \u00e9quipes qui se succ\u00e8dent \u00e0 votre chevet.<\/p>\n\n\n\n<div style=\"height:20px\" aria-hidden=\"true\" class=\"wp-block-spacer\"><\/div>\n\n\n\n<h4 class=\"wp-block-heading\"><strong>Une \u00e9quipe pluridisciplinaire au service de la qualit\u00e9 et de la s\u00e9curit\u00e9 des soins<\/strong><\/h4>\n\n\n\n<p class=\"has-very-dark-gray-color has-text-color\">Parce que la qualit\u00e9 de la prise en charge des patients est la priorit\u00e9 du Centre Hospitalier de Semur-en-Auxois, un service compos\u00e9 de 5 personnes (un m\u00e9decin, une ing\u00e9nieure qualit\u00e9, une cadre sup\u00e9rieure de sant\u00e9,une technicienne de laboratoire hygi\u00e9niste, une technicienne qualit\u00e9 en biologie) a pour mission de veiller au quotidien \u00e0 la qualit\u00e9, la gestion des risques, l\u2019hygi\u00e8ne, l\u2019\u00e9pid\u00e9miologie et \u00e0 l\u2019\u00e9valuation des pratiques professionnelles.<\/p>\n\n\n\n<p class=\"has-very-dark-gray-color has-text-color\">Nos \u00e9quipes m\u00e9dicales, soignantes et administratives, la Direction et la Commission M\u00e9dicale d\u2019Etablissement  (CME), ainsi que les repr\u00e9sentants des usagers, s\u2019impliquent dans une d\u00e9marche d\u2019am\u00e9lioration continue de la qualit\u00e9 et de la s\u00e9curit\u00e9 des soins. L&rsquo;\u00e9tablissement est certifi\u00e9 par la Haute Autorit\u00e9 de Sant\u00e9. <\/p>\n","protected":false},"excerpt":{"rendered":"<p>Les \u00e9quipes de professionnels Au Centre Hospitalier, nous mettons tout en \u0153uvre pour votre sant\u00e9 L&rsquo;\u00e9tablissement est compos\u00e9 de professionnels exer\u00e7ant diff\u00e9rents m\u00e9tiers. Ils sont tous guid\u00e9s par la volont\u00e9 de vous apporter des soins et des prestations de qualit\u00e9. \u00c9quipe m\u00e9dicale Les m\u00e9decins Ils posent le diagnostic, prescrivent votre traitement et vous informent de&hellip; <br \/> <a class=\"read-more\" href=\"http:\/\/www.ch-semur.fr\/index.php\/les-equipes-de-professionnels\/\">Lire la suite<\/a><\/p>\n","protected":false},"author":2,"featured_media":0,"parent":0,"menu_order":0,"comment_status":"closed","ping_status":"closed","template":"page-templates\/homepage.php","meta":{"footnotes":""},"class_list":["post-720","page","type-page","status-publish","hentry"],"_links":{"self":[{"href":"http:\/\/www.ch-semur.fr\/index.php\/wp-json\/wp\/v2\/pages\/720","targetHints":{"allow":["GET"]}}],"collection":[{"href":"http:\/\/www.ch-semur.fr\/index.php\/wp-json\/wp\/v2\/pages"}],"about":[{"href":"http:\/\/www.ch-semur.fr\/index.php\/wp-json\/wp\/v2\/types\/page"}],"author":[{"embeddable":true,"href":"http:\/\/www.ch-semur.fr\/index.php\/wp-json\/wp\/v2\/users\/2"}],"replies":[{"embeddable":true,"href":"http:\/\/www.ch-semur.fr\/index.php\/wp-json\/wp\/v2\/comments?post=720"}],"version-history":[{"count":19,"href":"http:\/\/www.ch-semur.fr\/index.php\/wp-json\/wp\/v2\/pages\/720\/revisions"}],"predecessor-version":[{"id":1324,"href":"http:\/\/www.ch-semur.fr\/index.php\/wp-json\/wp\/v2\/pages\/720\/revisions\/1324"}],"wp:attachment":[{"href":"http:\/\/www.ch-semur.fr\/index.php\/wp-json\/wp\/v2\/media?parent=720"}],"curies":[{"name":"wp","href":"https:\/\/api.w.org\/{rel}","templated":true}]}}