{"id":624,"date":"2019-12-31T11:54:06","date_gmt":"2019-12-31T10:54:06","guid":{"rendered":"http:\/\/ch-semur.ovh\/?page_id=624"},"modified":"2021-07-27T10:33:23","modified_gmt":"2021-07-27T08:33:23","slug":"residence-medicalisee-de-lauxois-2","status":"publish","type":"page","link":"http:\/\/www.ch-semur.fr\/index.php\/residence-medicalisee-de-lauxois-2\/","title":{"rendered":"R\u00e9sidence M\u00e9dicalis\u00e9e de l&rsquo;Auxois"},"content":{"rendered":"\n<div class=\"wp-block-group\"><div class=\"wp-block-group__inner-container is-layout-flow wp-block-group-is-layout-flow\">\n<figure class=\"wp-block-gallery columns-3 is-cropped wp-block-gallery-1 is-layout-flex wp-block-gallery-is-layout-flex\"><ul class=\"blocks-gallery-grid\"><li class=\"blocks-gallery-item\"><figure><img loading=\"lazy\" decoding=\"async\" width=\"500\" height=\"331\" src=\"http:\/\/ch-semur.ovh\/wp-content\/uploads\/2019\/12\/EHPAD-Re\u0301sidence-Me\u0301dicalise\u0301e-de-lAuxois-Bibliothe\u0300que-500x331.jpg\" alt=\"\" data-id=\"625\" class=\"wp-image-625\" srcset=\"http:\/\/www.ch-semur.fr\/wp-content\/uploads\/2019\/12\/EHPAD-Re\u0301sidence-Me\u0301dicalise\u0301e-de-lAuxois-Bibliothe\u0300que-500x331.jpg 500w, http:\/\/www.ch-semur.fr\/wp-content\/uploads\/2019\/12\/EHPAD-Re\u0301sidence-Me\u0301dicalise\u0301e-de-lAuxois-Bibliothe\u0300que-300x199.jpg 300w, http:\/\/www.ch-semur.fr\/wp-content\/uploads\/2019\/12\/EHPAD-Re\u0301sidence-Me\u0301dicalise\u0301e-de-lAuxois-Bibliothe\u0300que-768x509.jpg 768w, http:\/\/www.ch-semur.fr\/wp-content\/uploads\/2019\/12\/EHPAD-Re\u0301sidence-Me\u0301dicalise\u0301e-de-lAuxois-Bibliothe\u0300que-1536x1017.jpg 1536w, http:\/\/www.ch-semur.fr\/wp-content\/uploads\/2019\/12\/EHPAD-Re\u0301sidence-Me\u0301dicalise\u0301e-de-lAuxois-Bibliothe\u0300que-2048x1357.jpg 2048w, http:\/\/www.ch-semur.fr\/wp-content\/uploads\/2019\/12\/EHPAD-Re\u0301sidence-Me\u0301dicalise\u0301e-de-lAuxois-Bibliothe\u0300que-1024x678.jpg 1024w, http:\/\/www.ch-semur.fr\/wp-content\/uploads\/2019\/12\/EHPAD-Re\u0301sidence-Me\u0301dicalise\u0301e-de-lAuxois-Bibliothe\u0300que-1630x1080.jpg 1630w\" sizes=\"auto, (max-width: 500px) 100vw, 500px\" \/><\/figure><\/li><li class=\"blocks-gallery-item\"><figure><img loading=\"lazy\" decoding=\"async\" width=\"500\" height=\"334\" src=\"http:\/\/ch-semur.ovh\/wp-content\/uploads\/2019\/12\/EHPAD-La-Re\u0301sidence-Me\u0301dicalise\u0301e-de-l-Auxois-500x334.jpg\" alt=\"\" data-id=\"626\" data-link=\"http:\/\/ch-semur.ovh\/?attachment_id=626\" class=\"wp-image-626\" srcset=\"http:\/\/www.ch-semur.fr\/wp-content\/uploads\/2019\/12\/EHPAD-La-Re\u0301sidence-Me\u0301dicalise\u0301e-de-l-Auxois-500x334.jpg 500w, http:\/\/www.ch-semur.fr\/wp-content\/uploads\/2019\/12\/EHPAD-La-Re\u0301sidence-Me\u0301dicalise\u0301e-de-l-Auxois-300x200.jpg 300w, http:\/\/www.ch-semur.fr\/wp-content\/uploads\/2019\/12\/EHPAD-La-Re\u0301sidence-Me\u0301dicalise\u0301e-de-l-Auxois-768x513.jpg 768w, http:\/\/www.ch-semur.fr\/wp-content\/uploads\/2019\/12\/EHPAD-La-Re\u0301sidence-Me\u0301dicalise\u0301e-de-l-Auxois-1536x1025.jpg 1536w, http:\/\/www.ch-semur.fr\/wp-content\/uploads\/2019\/12\/EHPAD-La-Re\u0301sidence-Me\u0301dicalise\u0301e-de-l-Auxois-2048x1367.jpg 2048w, http:\/\/www.ch-semur.fr\/wp-content\/uploads\/2019\/12\/EHPAD-La-Re\u0301sidence-Me\u0301dicalise\u0301e-de-l-Auxois-1024x683.jpg 1024w, http:\/\/www.ch-semur.fr\/wp-content\/uploads\/2019\/12\/EHPAD-La-Re\u0301sidence-Me\u0301dicalise\u0301e-de-l-Auxois-1618x1080.jpg 1618w\" sizes=\"auto, (max-width: 500px) 100vw, 500px\" \/><\/figure><\/li><li class=\"blocks-gallery-item\"><figure><img loading=\"lazy\" decoding=\"async\" width=\"500\" height=\"333\" src=\"http:\/\/ch-semur.ovh\/wp-content\/uploads\/2019\/12\/076-1-500x333.jpg\" alt=\"\" data-id=\"640\" data-full-url=\"http:\/\/ch-semur.ovh\/wp-content\/uploads\/2019\/12\/076-1-scaled.jpg\" data-link=\"http:\/\/ch-semur.ovh\/index.php\/residence-medicalisee-de-lauxois-2\/076-1\/\" class=\"wp-image-640\" srcset=\"http:\/\/www.ch-semur.fr\/wp-content\/uploads\/2019\/12\/076-1-500x333.jpg 500w, http:\/\/www.ch-semur.fr\/wp-content\/uploads\/2019\/12\/076-1-300x200.jpg 300w, http:\/\/www.ch-semur.fr\/wp-content\/uploads\/2019\/12\/076-1-768x512.jpg 768w, http:\/\/www.ch-semur.fr\/wp-content\/uploads\/2019\/12\/076-1-1536x1024.jpg 1536w, http:\/\/www.ch-semur.fr\/wp-content\/uploads\/2019\/12\/076-1-2048x1365.jpg 2048w, http:\/\/www.ch-semur.fr\/wp-content\/uploads\/2019\/12\/076-1-1024x683.jpg 1024w, http:\/\/www.ch-semur.fr\/wp-content\/uploads\/2019\/12\/076-1-1620x1080.jpg 1620w\" sizes=\"auto, (max-width: 500px) 100vw, 500px\" \/><\/figure><\/li><\/ul><\/figure>\n<\/div><\/div>\n\n\n\n<div style=\"height:20px\" aria-hidden=\"true\" class=\"wp-block-spacer\"><\/div>\n\n\n\n<h4 class=\"wp-block-heading\"><strong>Un lieu de vie chaleureux et confortable<\/strong><\/h4>\n\n\n\n<p class=\"has-very-dark-gray-color has-text-color\">Implant\u00e9e sur le site du Centre Hospitalier de Semur-en-Auxois, la R\u00e9sidence M\u00e9dicalis\u00e9e de l\u2019Auxois est un \u00c9tablissement d\u2019H\u00e9bergement pour Personnes \u00c2g\u00e9es D\u00e9pendantes (EHPAD), accueillant des personnes de plus de 60 ans en s\u00e9jour permanent. <\/p>\n\n\n\n<p class=\"has-very-dark-gray-color has-text-color\">Ouverte en juin 2009, la R\u00e9sidence M\u00e9dicalis\u00e9e de l\u2019Auxois dispose de locaux vastes, lumineux et accessibles quel que soit le niveau d\u2019autonomie. Les salles communes de la R\u00e9sidence sont climatis\u00e9es. La R\u00e9sidence comprend 183 chambres individuelles et 6 chambres doubles, r\u00e9parties sur quatre niveaux. Le rez-de- chauss\u00e9e du b\u00e2timent comprend notamment des salles d\u2019animations, une biblioth\u00e8que, un salon de coiffure, ainsi qu\u2019une salle de motricit\u00e9. Les r\u00e9sidents peuvent profiter du jardin et des terrasses am\u00e9nag\u00e9es. <\/p>\n\n\n\n<p class=\"has-very-dark-gray-color has-text-color\">Un soin particulier est apport\u00e9 \u00e0 l\u2019entretien et au confort des chambres qui sont toutes meubl\u00e9es et \u00e9quip\u00e9es d\u2019un cabinet de toilette avec douche. <\/p>\n\n\n\n<div style=\"height:20px\" aria-hidden=\"true\" class=\"wp-block-spacer\"><\/div>\n\n\n\n<h4 class=\"wp-block-heading\"><strong>Des animations 7j\/7<\/strong><\/h4>\n\n\n\n<p class=\"has-very-dark-gray-color has-text-color\">\u00c0 la R\u00e9sidence M\u00e9dicalis\u00e9e de l\u2019Auxois, nous privil\u00e9gions les animations pour \u00e9viter l\u2019isolement et contribuer au d\u00e9veloppement personnel des r\u00e9sidents. Des activit\u00e9s stimulantes et vari\u00e9es sont propos\u00e9es \u00ab 7j\/7 \u00bb pour maintenir un lien social \u00e0 l\u2019int\u00e9rieur comme \u00e0 l\u2019ext\u00e9rieur de la R\u00e9sidence. <\/p>\n\n\n\n<div style=\"height:20px\" aria-hidden=\"true\" class=\"wp-block-spacer\"><\/div>\n\n\n\n<h4 class=\"wp-block-heading\"><strong>Des r\u00e9ponses adapt\u00e9es aux personnes atteintes de la maladie d\u2019Alzheimer ou de pathologies apparent\u00e9es<\/strong><\/h4>\n\n\n\n<p class=\"has-very-dark-gray-color has-text-color\">Pour les personnes atteintes de la maladie d\u2019Alzheimer ou de troubles apparent\u00e9s, la R\u00e9sidence a mis en place un p\u00f4le d\u2019activit\u00e9s et de soins adapt\u00e9s (PASA). Des activit\u00e9s \u00e0 but th\u00e9rapeutique visent \u00e0 maintenir et \u00e0 d\u00e9velopper l\u2019autonomie et la qualit\u00e9 de vie des r\u00e9sidents. Elles permettent de donner des rep\u00e8res temporo-spatiaux et favorisent les liens sociaux. L\u2019\u00e9quipe pluridisciplinaire se compose des professionnels qualifi\u00e9s dont des assistants de soins en g\u00e9rontologie. <\/p>\n\n\n\n<p class=\"has-very-dark-gray-color has-text-color\">Pour les personnes d\u00e9sorient\u00e9es, l\u2019\u00e9tablissement dispose de deux unit\u00e9s s\u00e9curis\u00e9es de 12 lits chacune, avec jardin attenant. Des activit\u00e9s adapt\u00e9es aux besoins et go\u00fbts des personnes sont propos\u00e9es dans un cadre convivial et dans le respect des rythmes de chacun. Le personnel de ces petites unit\u00e9s, form\u00e9 et attentif, \u0153uvre en lien avec la psychologue et l\u2019\u00e9quipe m\u00e9dicale. <\/p>\n\n\n\n<div style=\"height:20px\" aria-hidden=\"true\" class=\"wp-block-spacer\"><\/div>\n\n\n\n<div class=\"wp-block-group\"><div class=\"wp-block-group__inner-container is-layout-flow wp-block-group-is-layout-flow\">\n<figure class=\"wp-block-gallery columns-5 is-cropped wp-block-gallery-2 is-layout-flex wp-block-gallery-is-layout-flex\"><ul class=\"blocks-gallery-grid\"><li class=\"blocks-gallery-item\"><figure><img loading=\"lazy\" decoding=\"async\" width=\"333\" height=\"500\" src=\"http:\/\/ch-semur.ovh\/wp-content\/uploads\/2019\/12\/129-333x500.jpg\" alt=\"\" data-id=\"652\" class=\"wp-image-652\" srcset=\"http:\/\/www.ch-semur.fr\/wp-content\/uploads\/2019\/12\/129-333x500.jpg 333w, http:\/\/www.ch-semur.fr\/wp-content\/uploads\/2019\/12\/129-200x300.jpg 200w, http:\/\/www.ch-semur.fr\/wp-content\/uploads\/2019\/12\/129-768x1152.jpg 768w, http:\/\/www.ch-semur.fr\/wp-content\/uploads\/2019\/12\/129-1024x1536.jpg 1024w, http:\/\/www.ch-semur.fr\/wp-content\/uploads\/2019\/12\/129-1365x2048.jpg 1365w, http:\/\/www.ch-semur.fr\/wp-content\/uploads\/2019\/12\/129-720x1080.jpg 720w, http:\/\/www.ch-semur.fr\/wp-content\/uploads\/2019\/12\/129-scaled.jpg 1707w\" sizes=\"auto, (max-width: 333px) 100vw, 333px\" \/><\/figure><\/li><li class=\"blocks-gallery-item\"><figure><img loading=\"lazy\" decoding=\"async\" width=\"500\" height=\"333\" src=\"http:\/\/ch-semur.ovh\/wp-content\/uploads\/2019\/12\/166-500x333.jpg\" alt=\"\" data-id=\"653\" data-link=\"http:\/\/ch-semur.ovh\/index.php\/residence-medicalisee-de-lauxois-2\/attachment\/166\/\" class=\"wp-image-653\" srcset=\"http:\/\/www.ch-semur.fr\/wp-content\/uploads\/2019\/12\/166-500x333.jpg 500w, http:\/\/www.ch-semur.fr\/wp-content\/uploads\/2019\/12\/166-300x200.jpg 300w, http:\/\/www.ch-semur.fr\/wp-content\/uploads\/2019\/12\/166-768x512.jpg 768w, http:\/\/www.ch-semur.fr\/wp-content\/uploads\/2019\/12\/166-1536x1024.jpg 1536w, http:\/\/www.ch-semur.fr\/wp-content\/uploads\/2019\/12\/166-2048x1365.jpg 2048w, http:\/\/www.ch-semur.fr\/wp-content\/uploads\/2019\/12\/166-1024x683.jpg 1024w, http:\/\/www.ch-semur.fr\/wp-content\/uploads\/2019\/12\/166-1620x1080.jpg 1620w\" sizes=\"auto, (max-width: 500px) 100vw, 500px\" \/><\/figure><\/li><li class=\"blocks-gallery-item\"><figure><img loading=\"lazy\" decoding=\"async\" width=\"333\" height=\"500\" src=\"http:\/\/ch-semur.ovh\/wp-content\/uploads\/2019\/12\/140-333x500.jpg\" alt=\"\" data-id=\"654\" data-link=\"http:\/\/ch-semur.ovh\/index.php\/residence-medicalisee-de-lauxois-2\/attachment\/140\/\" class=\"wp-image-654\" srcset=\"http:\/\/www.ch-semur.fr\/wp-content\/uploads\/2019\/12\/140-333x500.jpg 333w, http:\/\/www.ch-semur.fr\/wp-content\/uploads\/2019\/12\/140-200x300.jpg 200w, http:\/\/www.ch-semur.fr\/wp-content\/uploads\/2019\/12\/140-768x1152.jpg 768w, http:\/\/www.ch-semur.fr\/wp-content\/uploads\/2019\/12\/140-1024x1536.jpg 1024w, http:\/\/www.ch-semur.fr\/wp-content\/uploads\/2019\/12\/140-1366x2048.jpg 1366w, http:\/\/www.ch-semur.fr\/wp-content\/uploads\/2019\/12\/140-720x1080.jpg 720w, http:\/\/www.ch-semur.fr\/wp-content\/uploads\/2019\/12\/140-scaled.jpg 1707w\" sizes=\"auto, (max-width: 333px) 100vw, 333px\" \/><\/figure><\/li><li class=\"blocks-gallery-item\"><figure><img loading=\"lazy\" decoding=\"async\" width=\"500\" height=\"333\" src=\"http:\/\/ch-semur.ovh\/wp-content\/uploads\/2019\/12\/IMG_0474-2-500x333.jpg\" alt=\"\" data-id=\"661\" data-link=\"http:\/\/ch-semur.ovh\/index.php\/residence-medicalisee-de-lauxois-2\/img_0474-2\/\" class=\"wp-image-661\" srcset=\"http:\/\/www.ch-semur.fr\/wp-content\/uploads\/2019\/12\/IMG_0474-2-500x333.jpg 500w, http:\/\/www.ch-semur.fr\/wp-content\/uploads\/2019\/12\/IMG_0474-2-300x200.jpg 300w, http:\/\/www.ch-semur.fr\/wp-content\/uploads\/2019\/12\/IMG_0474-2-768x512.jpg 768w, http:\/\/www.ch-semur.fr\/wp-content\/uploads\/2019\/12\/IMG_0474-2-1536x1024.jpg 1536w, http:\/\/www.ch-semur.fr\/wp-content\/uploads\/2019\/12\/IMG_0474-2-2048x1365.jpg 2048w, http:\/\/www.ch-semur.fr\/wp-content\/uploads\/2019\/12\/IMG_0474-2-1024x683.jpg 1024w, http:\/\/www.ch-semur.fr\/wp-content\/uploads\/2019\/12\/IMG_0474-2-1620x1080.jpg 1620w\" sizes=\"auto, (max-width: 500px) 100vw, 500px\" \/><\/figure><\/li><li class=\"blocks-gallery-item\"><figure><img loading=\"lazy\" decoding=\"async\" width=\"500\" height=\"331\" src=\"http:\/\/ch-semur.ovh\/wp-content\/uploads\/2019\/12\/RPC018-500x331.jpg\" alt=\"\" data-id=\"668\" data-full-url=\"http:\/\/ch-semur.ovh\/wp-content\/uploads\/2019\/12\/RPC018-scaled.jpg\" data-link=\"http:\/\/ch-semur.ovh\/index.php\/residence-medicalisee-de-lauxois-2\/rpc018\/\" class=\"wp-image-668\" srcset=\"http:\/\/www.ch-semur.fr\/wp-content\/uploads\/2019\/12\/RPC018-500x331.jpg 500w, http:\/\/www.ch-semur.fr\/wp-content\/uploads\/2019\/12\/RPC018-300x199.jpg 300w, http:\/\/www.ch-semur.fr\/wp-content\/uploads\/2019\/12\/RPC018-768x509.jpg 768w, http:\/\/www.ch-semur.fr\/wp-content\/uploads\/2019\/12\/RPC018-1536x1017.jpg 1536w, http:\/\/www.ch-semur.fr\/wp-content\/uploads\/2019\/12\/RPC018-2048x1357.jpg 2048w, http:\/\/www.ch-semur.fr\/wp-content\/uploads\/2019\/12\/RPC018-1024x678.jpg 1024w, http:\/\/www.ch-semur.fr\/wp-content\/uploads\/2019\/12\/RPC018-1630x1080.jpg 1630w\" sizes=\"auto, (max-width: 500px) 100vw, 500px\" \/><\/figure><\/li><\/ul><\/figure>\n<\/div><\/div>\n\n\n\n<div style=\"height:20px\" aria-hidden=\"true\" class=\"wp-block-spacer\"><\/div>\n\n\n\n<h4 class=\"wp-block-heading\"><strong>Des soins de qualit\u00e9<\/strong><\/h4>\n\n\n\n<p class=\"has-very-dark-gray-color has-text-color\">Notre \u00e9quipe de professionnels qualifi\u00e9s et attentifs dispense des soins individualis\u00e9s et accompagne la perte d\u2019autonomie. <\/p>\n\n\n\n<p class=\"has-very-dark-gray-color has-text-color\">Trois m\u00e9decins salari\u00e9s assurent le suivi m\u00e9dical des r\u00e9sidents. L\u2019acc\u00e8s aux disciplines m\u00e9dicales de sp\u00e9cialit\u00e9s est facilit\u00e9 par la proximit\u00e9 du Centre Hospitalier. L\u2019\u00e9tablissement dispose d\u2019une pharmacie \u00e0 usage int\u00e9rieur. La nuit, les week-ends et jours f\u00e9ri\u00e9s, la continuit\u00e9 des soins est assur\u00e9e en lien avec le Centre Hospitalier. L\u2019acc\u00e8s \u00e0 des soins infirmiers la nuit est organis\u00e9. <\/p>\n\n\n\n<p class=\"has-very-dark-gray-color has-text-color\">La psychologue favorise le bien- \u00eatre psychique et contribue \u00e0 l\u2019am\u00e9lioration de la qualit\u00e9 de vie des r\u00e9sidents. Elle accompagne \u00e9galement les familles. <\/p>\n\n\n\n<p class=\"has-very-dark-gray-color has-text-color\">Les masseurs-kin\u00e9sith\u00e9rapeutes du Centre Hospitalier interviennent sur prescription m\u00e9dicale. Les soins sont r\u00e9alis\u00e9s en chambre ou dans la salle de motricit\u00e9. Un moniteur d\u2019Activit\u00e9s Physiques Adapt\u00e9es (APA) favorise l\u2019entretien de la motricit\u00e9 et de l\u2019\u00e9quilibre des r\u00e9sidents afin de contribuer au maintien de leur autonomie. <\/p>\n\n\n\n<div style=\"height:20px\" aria-hidden=\"true\" class=\"wp-block-spacer\"><\/div>\n\n\n\n<p class=\"has-text-color\" style=\"color:#e22b68\">Un projet d\u2019accompagnement personnalis\u00e9 (PAP) est \u00e9labor\u00e9 au plus tard dans les 6 mois suivant l\u2019admission. L\u2019\u00e9coute de la personne, le respect des habitudes, des rythmes de vie et de l\u2019intimit\u00e9 sont au c\u0153ur de nos pr\u00e9occupations. Afin de faciliter les \u00e9changes, l\u2019\u00e9tablissement a fait le choix de d\u00e9signer un<strong> <\/strong>r\u00e9f\u00e9rent pour chaque personne accueillie. <\/p>\n\n\n\n<div style=\"height:20px\" aria-hidden=\"true\" class=\"wp-block-spacer\"><\/div>\n\n\n\n<h4 class=\"wp-block-heading\"><strong>Informations utiles : <\/strong><\/h4>\n\n\n\n<ul class=\"wp-block-list\"><li>L\u2019\u00e9tablissement est habilit\u00e9 \u00e0 recevoir, pour la totalit\u00e9 de ses places, des b\u00e9n\u00e9ficiaires de l\u2019aide sociale<\/li><li>Les logements ne sont pas conventionn\u00e9s APL<\/li><li>Un pr\u00e9pos\u00e9 d\u2019\u00e9tablissement \u00e0 la protection juridique des majeurs est pr\u00e9sent sur place<\/li><li>Plaquette de pr\u00e9sentation de la R\u00e9sidence M\u00e9dicalis\u00e9e de l&rsquo;Auxois \u25ba <a rel=\"noreferrer noopener\" aria-label=\"T\u00e9l\u00e9charger (s\u2019ouvre dans un nouvel onglet)\" href=\"http:\/\/ch-semur.ovh\/wp-content\/uploads\/2019\/12\/EHPAD-Pre\u0301sentation-Nume\u0301rique-2019.pdf\" target=\"_blank\">T\u00e9l\u00e9charger<\/a><\/li><li>Dossier de demande d\u2019admission en EHPAD \u25ba <a href=\"http:\/\/www.ch-semur.fr\/wp-content\/uploads\/2020\/10\/Dossier-de-demande-dadmission-en-EHPAD_cerfa_14732.pdf\" target=\"_blank\" rel=\"noreferrer noopener\">T\u00e9l\u00e9charger<\/a><\/li><\/ul>\n\n\n\n<div style=\"height:20px\" aria-hidden=\"true\" class=\"wp-block-spacer\"><\/div>\n\n\n\n<p class=\"has-text-align-center has-text-color has-small-font-size\" style=\"color:#e22b68\"><strong>R\u00e9sidence M\u00e9dicalis\u00e9e de l\u2019Auxois<br>5 Avenue Pasteur<br>21140 Semur-en-Auxois<\/strong><br><strong>03 80 89 62 01<br><a href=\"mailto:accueil.ehpad@ch-semur.fr\">accueil.ehpad@ch-semur.fr<\/a><\/strong><\/p>\n","protected":false},"excerpt":{"rendered":"<p>Un lieu de vie chaleureux et confortable Implant\u00e9e sur le site du Centre Hospitalier de Semur-en-Auxois, la R\u00e9sidence M\u00e9dicalis\u00e9e de l\u2019Auxois est un \u00c9tablissement d\u2019H\u00e9bergement pour Personnes \u00c2g\u00e9es D\u00e9pendantes (EHPAD), accueillant des personnes de plus de 60 ans en s\u00e9jour permanent. Ouverte en juin 2009, la R\u00e9sidence M\u00e9dicalis\u00e9e de l\u2019Auxois dispose de locaux vastes, lumineux&hellip; <br \/> <a class=\"read-more\" href=\"http:\/\/www.ch-semur.fr\/index.php\/residence-medicalisee-de-lauxois-2\/\">Lire la suite<\/a><\/p>\n","protected":false},"author":2,"featured_media":2772,"parent":0,"menu_order":0,"comment_status":"closed","ping_status":"closed","template":"","meta":{"footnotes":""},"class_list":["post-624","page","type-page","status-publish","has-post-thumbnail","hentry"],"_links":{"self":[{"href":"http:\/\/www.ch-semur.fr\/index.php\/wp-json\/wp\/v2\/pages\/624","targetHints":{"allow":["GET"]}}],"collection":[{"href":"http:\/\/www.ch-semur.fr\/index.php\/wp-json\/wp\/v2\/pages"}],"about":[{"href":"http:\/\/www.ch-semur.fr\/index.php\/wp-json\/wp\/v2\/types\/page"}],"author":[{"embeddable":true,"href":"http:\/\/www.ch-semur.fr\/index.php\/wp-json\/wp\/v2\/users\/2"}],"replies":[{"embeddable":true,"href":"http:\/\/www.ch-semur.fr\/index.php\/wp-json\/wp\/v2\/comments?post=624"}],"version-history":[{"count":88,"href":"http:\/\/www.ch-semur.fr\/index.php\/wp-json\/wp\/v2\/pages\/624\/revisions"}],"predecessor-version":[{"id":2775,"href":"http:\/\/www.ch-semur.fr\/index.php\/wp-json\/wp\/v2\/pages\/624\/revisions\/2775"}],"wp:featuredmedia":[{"embeddable":true,"href":"http:\/\/www.ch-semur.fr\/index.php\/wp-json\/wp\/v2\/media\/2772"}],"wp:attachment":[{"href":"http:\/\/www.ch-semur.fr\/index.php\/wp-json\/wp\/v2\/media?parent=624"}],"curies":[{"name":"wp","href":"https:\/\/api.w.org\/{rel}","templated":true}]}}