{"id":482,"date":"2019-12-18T20:58:14","date_gmt":"2019-12-18T19:58:14","guid":{"rendered":"http:\/\/ch-semur.ovh\/?page_id=482"},"modified":"2021-07-27T10:31:11","modified_gmt":"2021-07-27T08:31:11","slug":"urgences","status":"publish","type":"page","link":"http:\/\/www.ch-semur.fr\/index.php\/urgences\/","title":{"rendered":"Urgences"},"content":{"rendered":"\n<div class=\"wp-block-group\"><div class=\"wp-block-group__inner-container is-layout-flow wp-block-group-is-layout-flow\">\n<figure class=\"wp-block-gallery columns-3 is-cropped wp-block-gallery-1 is-layout-flex wp-block-gallery-is-layout-flex\"><ul class=\"blocks-gallery-grid\"><li class=\"blocks-gallery-item\"><figure><img loading=\"lazy\" decoding=\"async\" width=\"500\" height=\"333\" src=\"http:\/\/www.ch-semur.fr\/wp-content\/uploads\/2020\/09\/Urgences2-500x333.jpg\" alt=\"\" data-id=\"1466\" data-full-url=\"http:\/\/www.ch-semur.fr\/wp-content\/uploads\/2020\/09\/Urgences2-scaled.jpg\" data-link=\"http:\/\/www.ch-semur.fr\/index.php\/urgences\/urgences2\/\" class=\"wp-image-1466\" srcset=\"http:\/\/www.ch-semur.fr\/wp-content\/uploads\/2020\/09\/Urgences2-500x333.jpg 500w, http:\/\/www.ch-semur.fr\/wp-content\/uploads\/2020\/09\/Urgences2-300x200.jpg 300w, http:\/\/www.ch-semur.fr\/wp-content\/uploads\/2020\/09\/Urgences2-768x512.jpg 768w, http:\/\/www.ch-semur.fr\/wp-content\/uploads\/2020\/09\/Urgences2-1536x1024.jpg 1536w, http:\/\/www.ch-semur.fr\/wp-content\/uploads\/2020\/09\/Urgences2-2048x1365.jpg 2048w, http:\/\/www.ch-semur.fr\/wp-content\/uploads\/2020\/09\/Urgences2-1024x683.jpg 1024w, http:\/\/www.ch-semur.fr\/wp-content\/uploads\/2020\/09\/Urgences2-1620x1080.jpg 1620w\" sizes=\"auto, (max-width: 500px) 100vw, 500px\" \/><\/figure><\/li><li class=\"blocks-gallery-item\"><figure><img loading=\"lazy\" decoding=\"async\" width=\"500\" height=\"333\" src=\"http:\/\/www.ch-semur.fr\/wp-content\/uploads\/2020\/09\/Urgences-Salle-dattente-Pour-ame\u0301nager-les-salles-dattente-le-CH-a-fait-appel-a\u0300-la-marque-de-mobilier-ZHED-dont-les-meubles-sont-fabrique\u0301s-a\u0300-Montbard-500x333.jpg\" alt=\"\" data-id=\"1464\" data-full-url=\"http:\/\/www.ch-semur.fr\/wp-content\/uploads\/2020\/09\/Urgences-Salle-dattente-Pour-ame\u0301nager-les-salles-dattente-le-CH-a-fait-appel-a\u0300-la-marque-de-mobilier-ZHED-dont-les-meubles-sont-fabrique\u0301s-a\u0300-Montbard-scaled.jpg\" data-link=\"http:\/\/www.ch-semur.fr\/index.php\/urgences\/urgences-salle-dattente-pour-amenager-les-salles-dattente-le-ch-a-fait-appel-a-la-marque-de-mobilier-zhed-dont-les-meubles-sont-fabriques-a-montbard\/\" class=\"wp-image-1464\" srcset=\"http:\/\/www.ch-semur.fr\/wp-content\/uploads\/2020\/09\/Urgences-Salle-dattente-Pour-ame\u0301nager-les-salles-dattente-le-CH-a-fait-appel-a\u0300-la-marque-de-mobilier-ZHED-dont-les-meubles-sont-fabrique\u0301s-a\u0300-Montbard-500x333.jpg 500w, http:\/\/www.ch-semur.fr\/wp-content\/uploads\/2020\/09\/Urgences-Salle-dattente-Pour-ame\u0301nager-les-salles-dattente-le-CH-a-fait-appel-a\u0300-la-marque-de-mobilier-ZHED-dont-les-meubles-sont-fabrique\u0301s-a\u0300-Montbard-300x200.jpg 300w, http:\/\/www.ch-semur.fr\/wp-content\/uploads\/2020\/09\/Urgences-Salle-dattente-Pour-ame\u0301nager-les-salles-dattente-le-CH-a-fait-appel-a\u0300-la-marque-de-mobilier-ZHED-dont-les-meubles-sont-fabrique\u0301s-a\u0300-Montbard-768x512.jpg 768w, http:\/\/www.ch-semur.fr\/wp-content\/uploads\/2020\/09\/Urgences-Salle-dattente-Pour-ame\u0301nager-les-salles-dattente-le-CH-a-fait-appel-a\u0300-la-marque-de-mobilier-ZHED-dont-les-meubles-sont-fabrique\u0301s-a\u0300-Montbard-1536x1024.jpg 1536w, http:\/\/www.ch-semur.fr\/wp-content\/uploads\/2020\/09\/Urgences-Salle-dattente-Pour-ame\u0301nager-les-salles-dattente-le-CH-a-fait-appel-a\u0300-la-marque-de-mobilier-ZHED-dont-les-meubles-sont-fabrique\u0301s-a\u0300-Montbard-2048x1365.jpg 2048w, http:\/\/www.ch-semur.fr\/wp-content\/uploads\/2020\/09\/Urgences-Salle-dattente-Pour-ame\u0301nager-les-salles-dattente-le-CH-a-fait-appel-a\u0300-la-marque-de-mobilier-ZHED-dont-les-meubles-sont-fabrique\u0301s-a\u0300-Montbard-1024x683.jpg 1024w, http:\/\/www.ch-semur.fr\/wp-content\/uploads\/2020\/09\/Urgences-Salle-dattente-Pour-ame\u0301nager-les-salles-dattente-le-CH-a-fait-appel-a\u0300-la-marque-de-mobilier-ZHED-dont-les-meubles-sont-fabrique\u0301s-a\u0300-Montbard-1620x1080.jpg 1620w\" sizes=\"auto, (max-width: 500px) 100vw, 500px\" \/><\/figure><\/li><li class=\"blocks-gallery-item\"><figure><img loading=\"lazy\" decoding=\"async\" width=\"500\" height=\"333\" src=\"http:\/\/ch-semur.ovh\/wp-content\/uploads\/2019\/12\/Urgences1-500x333.jpg\" alt=\"\" data-id=\"485\" data-link=\"http:\/\/ch-semur.ovh\/?attachment_id=485\" class=\"wp-image-485\" srcset=\"http:\/\/www.ch-semur.fr\/wp-content\/uploads\/2019\/12\/Urgences1-500x333.jpg 500w, http:\/\/www.ch-semur.fr\/wp-content\/uploads\/2019\/12\/Urgences1-300x200.jpg 300w, http:\/\/www.ch-semur.fr\/wp-content\/uploads\/2019\/12\/Urgences1-768x512.jpg 768w, http:\/\/www.ch-semur.fr\/wp-content\/uploads\/2019\/12\/Urgences1-1536x1024.jpg 1536w, http:\/\/www.ch-semur.fr\/wp-content\/uploads\/2019\/12\/Urgences1-2048x1365.jpg 2048w, http:\/\/www.ch-semur.fr\/wp-content\/uploads\/2019\/12\/Urgences1-1024x683.jpg 1024w, http:\/\/www.ch-semur.fr\/wp-content\/uploads\/2019\/12\/Urgences1-1620x1080.jpg 1620w\" sizes=\"auto, (max-width: 500px) 100vw, 500px\" \/><\/figure><\/li><\/ul><\/figure>\n<\/div><\/div>\n\n\n\n<p><\/p>\n\n\n\n<h4 class=\"wp-block-heading\"><strong>Chef de P\u00f4le : Dr  Claus DOLLE<\/strong><\/h4>\n\n\n\n<p class=\"has-very-dark-gray-color has-text-color\">Le service des Urgences b\u00e9n\u00e9ficient d&rsquo;un plateau technique moderne qui permet une prise en charge des patients 24h\/24. Il comprend les \u00e9l\u00e9ments suivants : <\/p>\n\n\n\n<div style=\"height:20px\" aria-hidden=\"true\" class=\"wp-block-spacer\"><\/div>\n\n\n\n<ul class=\"wp-block-list\"><li><span class=\"has-inline-color has-black-color\"><strong>Structure des Urgences<\/strong> <\/span><br><span class=\"has-inline-color has-black-color\">Le service des Urgences du CH de Semur-en-Auxois a \u00e9t\u00e9 enti\u00e8rement r\u00e9nov\u00e9 en 2019. Une extension de 250m<sup>2<\/sup> a \u00e9galement \u00e9t\u00e9 r\u00e9alis\u00e9e pour r\u00e9pondre \u00e0 la croissance r\u00e9guli\u00e8re du nombre de passages enregistr\u00e9s chaque ann\u00e9e, tout en am\u00e9liorant les conditions d\u2019accueil des patients.<\/span><br><br><\/li><li><span class=\"has-inline-color has-black-color\"><strong>SMUR<\/strong><\/span><br><span class=\"has-inline-color has-black-color\">Le Service Mobile d\u2019Urgence et de R\u00e9animation du Centre Hospitalier de Semur-en-Auxois est amen\u00e9 \u00e0 intervenir sur une vaste portion de la C\u00f4te-d\u2019Or comptant plus de 150 communes pour une superficie de pr\u00e8s de 2 000 km<sup>2<\/sup> qui comprend \u00e9galement une partie de l\u2019autoroute situ\u00e9e entre Paris et Lyon.<\/span><br><br><\/li><li><span class=\"has-inline-color has-black-color\"><strong>Unit\u00e9 d&rsquo;Hospitalisation de Courte Dur\u00e9e (UHCD)<\/strong><\/span><br><span class=\"has-inline-color has-black-color\">L\u2019UHCD fait partie int\u00e9grante du service et accueille des patients pour des s\u00e9jours brefs avant un \u00e9ventuel retour \u00e0 domicile ou une hospitalisation. Dans le cas o\u00f9 les alternatives diagnostiques sont nombreuses, l\u2019UHCD permet d\u2019assurer des soins et d\u2019affiner le diagnostic pour orienter les patients vers les services les plus adapt\u00e9s \u00e0 leur \u00e9tat clinique. La dur\u00e9e de s\u00e9jour en UHCD est toujours inf\u00e9rieure \u00e0 24h et se d\u00e9cide en raison d\u2019une n\u00e9cessit\u00e9 de surveillance rapproch\u00e9e. Un m\u00e9decin est d\u00e9di\u00e9 \u00e0 cette unit\u00e9 de 9h \u00e0 19h, 7j\/7. La nuit, les m\u00e9decins urgentistes prennent le relai, de fa\u00e7on \u00e0 ce que l\u2019unit\u00e9 dispose d\u2019une pr\u00e9sence m\u00e9dicale continue.<br><\/span><br><\/li><li><span class=\"has-inline-color has-black-color\"><strong>Soins intensifs polyvalents<\/strong><\/span><br><span class=\"has-inline-color has-black-color\">Ce service assure l&rsquo;accueil et la prise en charge des patients pr\u00e9sentant une ou plusieurs d\u00e9faillances vitales n\u00e9cessitant une surveillance continue (\u00e9tats de choc, d\u00e9compensation respiratoire, polytraumatismes\u2026).<\/span><\/li><\/ul>\n","protected":false},"excerpt":{"rendered":"<p>Chef de P\u00f4le : Dr Claus DOLLE Le service des Urgences b\u00e9n\u00e9ficient d&rsquo;un plateau technique moderne qui permet une prise en charge des patients 24h\/24. Il comprend les \u00e9l\u00e9ments suivants : Structure des Urgences Le service des Urgences du CH de Semur-en-Auxois a \u00e9t\u00e9 enti\u00e8rement r\u00e9nov\u00e9 en 2019. Une extension de 250m2 a \u00e9galement \u00e9t\u00e9&hellip; <br \/> <a class=\"read-more\" href=\"http:\/\/www.ch-semur.fr\/index.php\/urgences\/\">Lire la suite<\/a><\/p>\n","protected":false},"author":2,"featured_media":2767,"parent":0,"menu_order":0,"comment_status":"closed","ping_status":"closed","template":"","meta":{"footnotes":""},"class_list":["post-482","page","type-page","status-publish","has-post-thumbnail","hentry"],"_links":{"self":[{"href":"http:\/\/www.ch-semur.fr\/index.php\/wp-json\/wp\/v2\/pages\/482","targetHints":{"allow":["GET"]}}],"collection":[{"href":"http:\/\/www.ch-semur.fr\/index.php\/wp-json\/wp\/v2\/pages"}],"about":[{"href":"http:\/\/www.ch-semur.fr\/index.php\/wp-json\/wp\/v2\/types\/page"}],"author":[{"embeddable":true,"href":"http:\/\/www.ch-semur.fr\/index.php\/wp-json\/wp\/v2\/users\/2"}],"replies":[{"embeddable":true,"href":"http:\/\/www.ch-semur.fr\/index.php\/wp-json\/wp\/v2\/comments?post=482"}],"version-history":[{"count":30,"href":"http:\/\/www.ch-semur.fr\/index.php\/wp-json\/wp\/v2\/pages\/482\/revisions"}],"predecessor-version":[{"id":2770,"href":"http:\/\/www.ch-semur.fr\/index.php\/wp-json\/wp\/v2\/pages\/482\/revisions\/2770"}],"wp:featuredmedia":[{"embeddable":true,"href":"http:\/\/www.ch-semur.fr\/index.php\/wp-json\/wp\/v2\/media\/2767"}],"wp:attachment":[{"href":"http:\/\/www.ch-semur.fr\/index.php\/wp-json\/wp\/v2\/media?parent=482"}],"curies":[{"name":"wp","href":"https:\/\/api.w.org\/{rel}","templated":true}]}}