{"id":456,"date":"2019-12-18T19:08:22","date_gmt":"2019-12-18T18:08:22","guid":{"rendered":"http:\/\/ch-semur.ovh\/?page_id=456"},"modified":"2021-07-27T10:30:32","modified_gmt":"2021-07-27T08:30:32","slug":"pole-medecine-chirurgie-obstetrique-mco","status":"publish","type":"page","link":"http:\/\/www.ch-semur.fr\/index.php\/loffre-de-soins\/pole-medecine-chirurgie-obstetrique-mco\/","title":{"rendered":"M\u00e9decine &#8211; Chirurgie &#8211; Obst\u00e9trique"},"content":{"rendered":"\n<div class=\"wp-block-group\"><div class=\"wp-block-group__inner-container is-layout-flow wp-block-group-is-layout-flow\">\n<figure class=\"wp-block-gallery aligncenter columns-3 is-cropped wp-block-gallery-1 is-layout-flex wp-block-gallery-is-layout-flex\"><ul class=\"blocks-gallery-grid\"><li class=\"blocks-gallery-item\"><figure><img loading=\"lazy\" decoding=\"async\" width=\"500\" height=\"334\" src=\"http:\/\/ch-semur.ovh\/wp-content\/uploads\/2019\/12\/Bornes-IKiosk9-500x334.jpg\" alt=\"\" data-id=\"460\" class=\"wp-image-460\" srcset=\"http:\/\/www.ch-semur.fr\/wp-content\/uploads\/2019\/12\/Bornes-IKiosk9-500x334.jpg 500w, http:\/\/www.ch-semur.fr\/wp-content\/uploads\/2019\/12\/Bornes-IKiosk9-300x200.jpg 300w, http:\/\/www.ch-semur.fr\/wp-content\/uploads\/2019\/12\/Bornes-IKiosk9-768x513.jpg 768w, http:\/\/www.ch-semur.fr\/wp-content\/uploads\/2019\/12\/Bornes-IKiosk9-1536x1025.jpg 1536w, http:\/\/www.ch-semur.fr\/wp-content\/uploads\/2019\/12\/Bornes-IKiosk9-2048x1367.jpg 2048w, http:\/\/www.ch-semur.fr\/wp-content\/uploads\/2019\/12\/Bornes-IKiosk9-1024x684.jpg 1024w, http:\/\/www.ch-semur.fr\/wp-content\/uploads\/2019\/12\/Bornes-IKiosk9-1618x1080.jpg 1618w\" sizes=\"auto, (max-width: 500px) 100vw, 500px\" \/><\/figure><\/li><li class=\"blocks-gallery-item\"><figure><img loading=\"lazy\" decoding=\"async\" width=\"500\" height=\"331\" src=\"http:\/\/ch-semur.ovh\/wp-content\/uploads\/2019\/12\/Ho\u0302pital-Ge\u0301ne\u0301ral-Hall-du-2e\u0300me-e\u0301tage-500x331.jpg\" alt=\"\" data-id=\"461\" data-link=\"http:\/\/ch-semur.ovh\/index.php\/pole-medecine-chirurgie-obstetrique-mco\/ho%cc%82pital-general-hall-du-2eme-etage\/\" class=\"wp-image-461\" srcset=\"http:\/\/www.ch-semur.fr\/wp-content\/uploads\/2019\/12\/Ho\u0302pital-Ge\u0301ne\u0301ral-Hall-du-2e\u0300me-e\u0301tage-500x331.jpg 500w, http:\/\/www.ch-semur.fr\/wp-content\/uploads\/2019\/12\/Ho\u0302pital-Ge\u0301ne\u0301ral-Hall-du-2e\u0300me-e\u0301tage-300x199.jpg 300w, http:\/\/www.ch-semur.fr\/wp-content\/uploads\/2019\/12\/Ho\u0302pital-Ge\u0301ne\u0301ral-Hall-du-2e\u0300me-e\u0301tage-768x509.jpg 768w, http:\/\/www.ch-semur.fr\/wp-content\/uploads\/2019\/12\/Ho\u0302pital-Ge\u0301ne\u0301ral-Hall-du-2e\u0300me-e\u0301tage-1536x1017.jpg 1536w, http:\/\/www.ch-semur.fr\/wp-content\/uploads\/2019\/12\/Ho\u0302pital-Ge\u0301ne\u0301ral-Hall-du-2e\u0300me-e\u0301tage-2048x1357.jpg 2048w, http:\/\/www.ch-semur.fr\/wp-content\/uploads\/2019\/12\/Ho\u0302pital-Ge\u0301ne\u0301ral-Hall-du-2e\u0300me-e\u0301tage-1024x678.jpg 1024w, http:\/\/www.ch-semur.fr\/wp-content\/uploads\/2019\/12\/Ho\u0302pital-Ge\u0301ne\u0301ral-Hall-du-2e\u0300me-e\u0301tage-1630x1080.jpg 1630w\" sizes=\"auto, (max-width: 500px) 100vw, 500px\" \/><\/figure><\/li><li class=\"blocks-gallery-item\"><figure><img loading=\"lazy\" decoding=\"async\" width=\"500\" height=\"332\" src=\"http:\/\/ch-semur.ovh\/wp-content\/uploads\/2019\/12\/Ho\u0302pital-ge\u0301ne\u0301ral-Re\u0301union-de\u0301quipe-500x332.jpg\" alt=\"\" data-id=\"462\" data-full-url=\"http:\/\/ch-semur.ovh\/wp-content\/uploads\/2019\/12\/Ho\u0302pital-ge\u0301ne\u0301ral-Re\u0301union-de\u0301quipe-scaled.jpg\" data-link=\"http:\/\/ch-semur.ovh\/index.php\/pole-medecine-chirurgie-obstetrique-mco\/ho%cc%82pital-general-reunion-dequipe\/\" class=\"wp-image-462\" srcset=\"http:\/\/www.ch-semur.fr\/wp-content\/uploads\/2019\/12\/Ho\u0302pital-ge\u0301ne\u0301ral-Re\u0301union-de\u0301quipe-500x332.jpg 500w, http:\/\/www.ch-semur.fr\/wp-content\/uploads\/2019\/12\/Ho\u0302pital-ge\u0301ne\u0301ral-Re\u0301union-de\u0301quipe-300x199.jpg 300w, http:\/\/www.ch-semur.fr\/wp-content\/uploads\/2019\/12\/Ho\u0302pital-ge\u0301ne\u0301ral-Re\u0301union-de\u0301quipe-768x511.jpg 768w, http:\/\/www.ch-semur.fr\/wp-content\/uploads\/2019\/12\/Ho\u0302pital-ge\u0301ne\u0301ral-Re\u0301union-de\u0301quipe-1536x1021.jpg 1536w, http:\/\/www.ch-semur.fr\/wp-content\/uploads\/2019\/12\/Ho\u0302pital-ge\u0301ne\u0301ral-Re\u0301union-de\u0301quipe-2048x1362.jpg 2048w, http:\/\/www.ch-semur.fr\/wp-content\/uploads\/2019\/12\/Ho\u0302pital-ge\u0301ne\u0301ral-Re\u0301union-de\u0301quipe-1024x681.jpg 1024w, http:\/\/www.ch-semur.fr\/wp-content\/uploads\/2019\/12\/Ho\u0302pital-ge\u0301ne\u0301ral-Re\u0301union-de\u0301quipe-1624x1080.jpg 1624w\" sizes=\"auto, (max-width: 500px) 100vw, 500px\" \/><\/figure><\/li><\/ul><\/figure>\n<\/div><\/div>\n\n\n\n<h4 class=\"wp-block-heading\"><strong>Chef de P\u00f4le : Dr Arnaud PATENOTTE <\/strong><\/h4>\n\n\n\n<p class=\"has-very-dark-gray-color has-text-color has-normal-font-size\">Le p\u00f4le M\u00e9decine-Chirurgie-Obst\u00e9trique (MCO) regroupe l&rsquo;ensemble des activit\u00e9s de m\u00e9decine, de chirurgie et d&rsquo;obst\u00e9trique. <br>Les patients concern\u00e9s peuvent \u00eatre pris en charge en ambulatoire ou bien lors de s\u00e9jours complets. <\/p>\n\n\n\n<div style=\"height:40px\" aria-hidden=\"true\" class=\"wp-block-spacer\"><\/div>\n\n\n\n<div class=\"wp-block-columns is-layout-flex wp-container-core-columns-is-layout-9d6595d7 wp-block-columns-is-layout-flex\">\n<div class=\"wp-block-column is-layout-flow wp-block-column-is-layout-flow\"><\/div>\n\n\n\n<div class=\"wp-block-column is-layout-flow wp-block-column-is-layout-flow\">\n<figure class=\"wp-block-image size-large\"><a href=\"http:\/\/www.ch-semur.fr\/index.php\/medecine\/\"><img loading=\"lazy\" decoding=\"async\" width=\"500\" height=\"500\" src=\"http:\/\/www.ch-semur.fr\/wp-content\/uploads\/2020\/08\/Bouton-m\u00e9decine-site-1-500x500.png\" alt=\"\" class=\"wp-image-1146\" srcset=\"http:\/\/www.ch-semur.fr\/wp-content\/uploads\/2020\/08\/Bouton-m\u00e9decine-site-1-500x500.png 500w, http:\/\/www.ch-semur.fr\/wp-content\/uploads\/2020\/08\/Bouton-m\u00e9decine-site-1-300x300.png 300w, http:\/\/www.ch-semur.fr\/wp-content\/uploads\/2020\/08\/Bouton-m\u00e9decine-site-1-150x150.png 150w, http:\/\/www.ch-semur.fr\/wp-content\/uploads\/2020\/08\/Bouton-m\u00e9decine-site-1.png 709w\" sizes=\"auto, (max-width: 500px) 100vw, 500px\" \/><\/a><\/figure>\n<\/div>\n\n\n\n<div class=\"wp-block-column is-layout-flow wp-block-column-is-layout-flow\">\n<figure class=\"wp-block-image size-large\"><a href=\"http:\/\/www.ch-semur.fr\/index.php\/chirurgie-2\/\"><img loading=\"lazy\" decoding=\"async\" width=\"500\" height=\"500\" src=\"http:\/\/www.ch-semur.fr\/wp-content\/uploads\/2020\/08\/Bouton-chirurgie-site-500x500.png\" alt=\"\" class=\"wp-image-1144\" srcset=\"http:\/\/www.ch-semur.fr\/wp-content\/uploads\/2020\/08\/Bouton-chirurgie-site-500x500.png 500w, http:\/\/www.ch-semur.fr\/wp-content\/uploads\/2020\/08\/Bouton-chirurgie-site-300x300.png 300w, http:\/\/www.ch-semur.fr\/wp-content\/uploads\/2020\/08\/Bouton-chirurgie-site-150x150.png 150w, http:\/\/www.ch-semur.fr\/wp-content\/uploads\/2020\/08\/Bouton-chirurgie-site.png 709w\" sizes=\"auto, (max-width: 500px) 100vw, 500px\" \/><\/a><\/figure>\n<\/div>\n\n\n\n<div class=\"wp-block-column is-layout-flow wp-block-column-is-layout-flow\">\n<figure class=\"wp-block-image size-large\"><a href=\"https:\/\/www.ch-semur.fr\/index.php\/obstetrique\/\"><img loading=\"lazy\" decoding=\"async\" width=\"500\" height=\"500\" src=\"http:\/\/www.ch-semur.fr\/wp-content\/uploads\/2020\/08\/Bouton-obs-site-500x500.png\" alt=\"\" class=\"wp-image-1142\" srcset=\"http:\/\/www.ch-semur.fr\/wp-content\/uploads\/2020\/08\/Bouton-obs-site-500x500.png 500w, http:\/\/www.ch-semur.fr\/wp-content\/uploads\/2020\/08\/Bouton-obs-site-300x300.png 300w, http:\/\/www.ch-semur.fr\/wp-content\/uploads\/2020\/08\/Bouton-obs-site-150x150.png 150w, http:\/\/www.ch-semur.fr\/wp-content\/uploads\/2020\/08\/Bouton-obs-site.png 709w\" sizes=\"auto, (max-width: 500px) 100vw, 500px\" \/><\/a><\/figure>\n<\/div>\n\n\n\n<div class=\"wp-block-column is-layout-flow wp-block-column-is-layout-flow\"><\/div>\n<\/div>\n","protected":false},"excerpt":{"rendered":"<p>Chef de P\u00f4le : Dr Arnaud PATENOTTE Le p\u00f4le M\u00e9decine-Chirurgie-Obst\u00e9trique (MCO) regroupe l&rsquo;ensemble des activit\u00e9s de m\u00e9decine, de chirurgie et d&rsquo;obst\u00e9trique. Les patients concern\u00e9s peuvent \u00eatre pris en charge en ambulatoire ou bien lors de s\u00e9jours complets.<\/p>\n","protected":false},"author":2,"featured_media":2767,"parent":108,"menu_order":0,"comment_status":"closed","ping_status":"closed","template":"","meta":{"footnotes":""},"class_list":["post-456","page","type-page","status-publish","has-post-thumbnail","hentry"],"_links":{"self":[{"href":"http:\/\/www.ch-semur.fr\/index.php\/wp-json\/wp\/v2\/pages\/456","targetHints":{"allow":["GET"]}}],"collection":[{"href":"http:\/\/www.ch-semur.fr\/index.php\/wp-json\/wp\/v2\/pages"}],"about":[{"href":"http:\/\/www.ch-semur.fr\/index.php\/wp-json\/wp\/v2\/types\/page"}],"author":[{"embeddable":true,"href":"http:\/\/www.ch-semur.fr\/index.php\/wp-json\/wp\/v2\/users\/2"}],"replies":[{"embeddable":true,"href":"http:\/\/www.ch-semur.fr\/index.php\/wp-json\/wp\/v2\/comments?post=456"}],"version-history":[{"count":37,"href":"http:\/\/www.ch-semur.fr\/index.php\/wp-json\/wp\/v2\/pages\/456\/revisions"}],"predecessor-version":[{"id":2430,"href":"http:\/\/www.ch-semur.fr\/index.php\/wp-json\/wp\/v2\/pages\/456\/revisions\/2430"}],"up":[{"embeddable":true,"href":"http:\/\/www.ch-semur.fr\/index.php\/wp-json\/wp\/v2\/pages\/108"}],"wp:featuredmedia":[{"embeddable":true,"href":"http:\/\/www.ch-semur.fr\/index.php\/wp-json\/wp\/v2\/media\/2767"}],"wp:attachment":[{"href":"http:\/\/www.ch-semur.fr\/index.php\/wp-json\/wp\/v2\/media?parent=456"}],"curies":[{"name":"wp","href":"https:\/\/api.w.org\/{rel}","templated":true}]}}