{"id":357,"date":"2019-10-01T17:19:25","date_gmt":"2019-10-01T15:19:25","guid":{"rendered":"http:\/\/ch-semur.ovh\/?page_id=357"},"modified":"2020-08-04T15:53:53","modified_gmt":"2020-08-04T13:53:53","slug":"contact-plan-et-acces","status":"publish","type":"page","link":"http:\/\/www.ch-semur.fr\/index.php\/contact-plan-et-acces\/","title":{"rendered":"Contact, Plan et Acc\u00e8s"},"content":{"rendered":"\n<p style=\"font-size:45px\" class=\"has-text-align-center\"><strong>Contact, Plan et Acc\u00e8s<\/strong><\/p>\n\n\n\n<div style=\"height:20px\" aria-hidden=\"true\" class=\"wp-block-spacer\"><\/div>\n\n\n\n<hr class=\"wp-block-separator is-style-wide\"\/>\n\n\n\n<div style=\"height:40px\" aria-hidden=\"true\" class=\"wp-block-spacer\"><\/div>\n\n\n<h3 style=\"color: #e22b68; text-align: center;\">Nous contacter<\/h3>\n<p style=\"text-align: center;\"><span style=\"color: #000000;\">Centre Hospitalier de Semur-en-Auxois<\/span><br class=\"\"><span style=\"color: #000000;\">3 avenue Pasteur<\/span><br class=\"\"><span style=\"color: #000000;\">21140 Semur-en-Auxois <\/span><br class=\"\"><span style=\"color: #000000;\"><strong class=\"\">T\u00e9l.<\/strong> : 03 80 89 64 64<\/span><br class=\"\"><span style=\"color: #000000;\"><strong class=\"\">Fax<\/strong> : 03 80 89 64 63<\/span><br class=\"\"><span style=\"color: #000000;\"><strong class=\"\">Mail<\/strong> :<\/span> <a class=\"\" href=\"mailto:contact@ch-semur.fr\">contact@ch-semur.fr<\/a><\/p>\n\n\n<div style=\"height:50px\" aria-hidden=\"true\" class=\"wp-block-spacer\"><\/div>\n\n\n<h3 style=\"color: #e22b68; text-align: center;\">Acc\u00e8s<\/h3>\n\n\n<figure><center><iframe loading=\"lazy\" src=\"https:\/\/www.openstreetmap.org\/export\/embed.html?bbox=4.324450492858888%2C47.490195447981286%2C4.349985122680665%2C47.49980760421661&amp;layer=mapnik\" width=\"702\" height=\"578\"><\/iframe><\/figure>\n\n\n\n<p class=\"has-text-align-center\"><a href=\"https:\/\/www.openstreetmap.org\/#map=16\/47.4950\/4.3372\">Afficher une carte plus grande<\/a><\/p>\n","protected":false},"excerpt":{"rendered":"<p>Contact, Plan et Acc\u00e8s Nous contacter Centre Hospitalier de Semur-en-Auxois3 avenue Pasteur21140 Semur-en-Auxois T\u00e9l. : 03 80 89 64 64Fax : 03 80 89 64 63Mail : contact@ch-semur.fr Acc\u00e8s Afficher une carte plus grande<\/p>\n","protected":false},"author":2,"featured_media":0,"parent":0,"menu_order":0,"comment_status":"closed","ping_status":"closed","template":"page-templates\/homepage.php","meta":{"footnotes":""},"class_list":["post-357","page","type-page","status-publish","hentry"],"_links":{"self":[{"href":"http:\/\/www.ch-semur.fr\/index.php\/wp-json\/wp\/v2\/pages\/357","targetHints":{"allow":["GET"]}}],"collection":[{"href":"http:\/\/www.ch-semur.fr\/index.php\/wp-json\/wp\/v2\/pages"}],"about":[{"href":"http:\/\/www.ch-semur.fr\/index.php\/wp-json\/wp\/v2\/types\/page"}],"author":[{"embeddable":true,"href":"http:\/\/www.ch-semur.fr\/index.php\/wp-json\/wp\/v2\/users\/2"}],"replies":[{"embeddable":true,"href":"http:\/\/www.ch-semur.fr\/index.php\/wp-json\/wp\/v2\/comments?post=357"}],"version-history":[{"count":22,"href":"http:\/\/www.ch-semur.fr\/index.php\/wp-json\/wp\/v2\/pages\/357\/revisions"}],"predecessor-version":[{"id":828,"href":"http:\/\/www.ch-semur.fr\/index.php\/wp-json\/wp\/v2\/pages\/357\/revisions\/828"}],"wp:attachment":[{"href":"http:\/\/www.ch-semur.fr\/index.php\/wp-json\/wp\/v2\/media?parent=357"}],"curies":[{"name":"wp","href":"https:\/\/api.w.org\/{rel}","templated":true}]}}