{"id":3085,"date":"2021-08-03T12:25:41","date_gmt":"2021-08-03T10:25:41","guid":{"rendered":"http:\/\/www.ch-semur.fr\/?page_id=3085"},"modified":"2023-05-30T17:04:28","modified_gmt":"2023-05-30T15:04:28","slug":"formation-initiale-2","status":"publish","type":"page","link":"http:\/\/www.ch-semur.fr\/index.php\/formation-initiale-2\/","title":{"rendered":"Formation initiale"},"content":{"rendered":"<h2 class=\"has-text-align-center wp-block-heading\"><\/h2>\n<h2 class=\"has-text-align-center wp-block-heading\">Formation initiale<\/h2>\n<h6 class=\"has-text-align-center wp-block-heading\">Accessible aux personnes en situation de handicap<\/h6>\n<div id=\"initial-content-section\" class=\"content-section content-section-spacing\" data-id=\"initial-content-section\" data-export-id=\"initial-content-section\" data-label=\"Initial Content\" data-section-ov=\"1\">\n<div class=\"gridContainer\">\n<div class=\"row\">\n<div class=\"col-xs-12 col-sm-12\">\n<p class=\"has-text-align-left\">Vous pouvez ici d\u00e9couvrir les instituts de formation du CH de Semur-en-Auxois qui vous pr\u00e9pare \u00e0 diff\u00e9rentes professions dans le domaine de la sant\u00e9. Pour chaque formation, vous trouverez le dossiers d\u2019inscriptions, le calendrier des \u00e9preuves, les r\u00e9sultats aux concours, le d\u00e9tail des formations, l\u2019organisation des stages\u2026 L\u2019\u00e9tablissement compte parmi ses ressources 1 Institut de Formation en Soins Infirmiers (IFSI) situ\u00e9 \u00e0 Semur-en-Auxois (21140) et 1 Institut de Formation d\u2019Aides-Soignants (IFAS) situ\u00e9 \u00e0 Ch\u00e2tillon-sur-Seine (21400) afin de former les futurs professionnels.<\/p>\n\n<h4><span style=\"font-weight: bold; color: #e50e5a;\">Pour plus de renseignements, visitez le site internet de l\u2019IFSI-IFAS de Haute C\u00f4te-d\u2019Or :<\/span><\/h4>\n<\/div>\n<div class=\"col-xs-12 col-sm-12\">\n<figure><a class=\"\" href=\"\/\/ifsi-semur-hco.fr\" target=\"_blank\" rel=\"noopener\" data-cp-link=\"1\"><img decoding=\"async\" class=\"wp-image-3090 size-large aligncenter\" title=\"cropped-Site-IFSI-IFAS-1.png\" src=\"http:\/\/www.ch-semur.fr\/wp-content\/uploads\/2021\/08\/cropped-Site-IFSI-IFAS-1.png\" sizes=\"(max-width: 500px) 100vw, 500px\" alt=\"\" \/><\/a><\/figure>\n<\/div>\n<\/div>\n<\/div>\n<\/div>\n<div class=\"wp-block-image\">\n<figure class=\"aligncenter\"><a href=\"mailto:direction@ch-semur.fr\" target=\"_self\" rel=\"noopener\" data-cp-link=\"1\"><img decoding=\"async\" class=\"wp-image-3044\" src=\"http:\/\/www.ch-semur.fr\/wp-content\/uploads\/2021\/08\/cropped-cropped-Bouton-re%CC%81clamations-500x84.png\" sizes=\"(max-width: 500px) 100vw, 500px\" alt=\"\" \/><\/a><\/figure>\n<\/div>\n<div class=\"wp-block-image\"><\/div>\n<div class=\"wp-block-spacer\" style=\"height: 44px;\" aria-hidden=\"true\"><\/div>\n<p class=\"has-text-align-center\"><a href=\"http:\/\/www.ch-semur.fr\/wp-content\/uploads\/2023\/05\/CH-Semur-Affiche-Referents-handicap-couleur.png\">Retrouvez les informations concernant les r\u00e9f\u00e9rents handicap des instituts de formation<\/a><\/p>","protected":false},"excerpt":{"rendered":"<p>Formation initiale Accessible aux personnes en situation de handicap Vous pouvez ici d\u00e9couvrir les instituts de formation du CH de Semur-en-Auxois qui vous pr\u00e9pare \u00e0 diff\u00e9rentes professions dans le domaine de la sant\u00e9. Pour chaque formation, vous trouverez le dossiers d\u2019inscriptions, le calendrier des \u00e9preuves, les r\u00e9sultats aux concours, le d\u00e9tail des formations, l\u2019organisation des&hellip; <br \/> <a class=\"read-more\" href=\"http:\/\/www.ch-semur.fr\/index.php\/formation-initiale-2\/\">Lire la suite<\/a><\/p>\n","protected":false},"author":2,"featured_media":3089,"parent":0,"menu_order":0,"comment_status":"closed","ping_status":"closed","template":"","meta":{"footnotes":""},"class_list":["post-3085","page","type-page","status-publish","has-post-thumbnail","hentry"],"_links":{"self":[{"href":"http:\/\/www.ch-semur.fr\/index.php\/wp-json\/wp\/v2\/pages\/3085","targetHints":{"allow":["GET"]}}],"collection":[{"href":"http:\/\/www.ch-semur.fr\/index.php\/wp-json\/wp\/v2\/pages"}],"about":[{"href":"http:\/\/www.ch-semur.fr\/index.php\/wp-json\/wp\/v2\/types\/page"}],"author":[{"embeddable":true,"href":"http:\/\/www.ch-semur.fr\/index.php\/wp-json\/wp\/v2\/users\/2"}],"replies":[{"embeddable":true,"href":"http:\/\/www.ch-semur.fr\/index.php\/wp-json\/wp\/v2\/comments?post=3085"}],"version-history":[{"count":37,"href":"http:\/\/www.ch-semur.fr\/index.php\/wp-json\/wp\/v2\/pages\/3085\/revisions"}],"predecessor-version":[{"id":3392,"href":"http:\/\/www.ch-semur.fr\/index.php\/wp-json\/wp\/v2\/pages\/3085\/revisions\/3392"}],"wp:featuredmedia":[{"embeddable":true,"href":"http:\/\/www.ch-semur.fr\/index.php\/wp-json\/wp\/v2\/media\/3089"}],"wp:attachment":[{"href":"http:\/\/www.ch-semur.fr\/index.php\/wp-json\/wp\/v2\/media?parent=3085"}],"curies":[{"name":"wp","href":"https:\/\/api.w.org\/{rel}","templated":true}]}}