{"id":2815,"date":"2021-07-27T11:52:53","date_gmt":"2021-07-27T09:52:53","guid":{"rendered":"http:\/\/www.ch-semur.fr\/?page_id=2815"},"modified":"2024-09-06T11:25:03","modified_gmt":"2024-09-06T09:25:03","slug":"formation-continue","status":"publish","type":"page","link":"http:\/\/www.ch-semur.fr\/index.php\/formation-continue\/","title":{"rendered":"Formation continue"},"content":{"rendered":"<p  style=\"text-align: center;\">Le CH de Semur-en-Auxois est engag\u00e9 dans une d\u00e9marche d\u2019am\u00e9lioration continue visant \u00e0 garantir aux patients une offre de soins de qualit\u00e9. \n<br >Pour cela, il s\u2019engage \u00e0 proposer des formations de qualit\u00e9 \u00e0 destination des professionnels de sant\u00e9.&nbsp;L\u2019\u00e9tablissement est un organisme de formation\n<br >depuis 2011 et il dispense&nbsp;\u00e0 ce titre des programmes de formation courtes \u00e0 destination des professionnels de sant\u00e9 du territoire et de la r\u00e9gion.\n<br >Toujours dans une volont\u00e9 d\u2019am\u00e9lioration&nbsp;continue et de projection vers l\u2019avenir, le CH de Semur-en-Auxois est dot\u00e9 d\u2019un centre de simulation\n<br >avec mannequins haute fid\u00e9lit\u00e9 et d\u00e9veloppe&nbsp;chaque ann\u00e9e de nouveaux programmes innovants,\n<br >adapt\u00e9s aux besoins hospitaliers, en lien avec les nouvelles technologies.<\/p><div  id=\"portfolio-2\" class=\"portfolio-5 content-section content-section-spacing\" style=\"background-color: #ffffff; background-image: none;\" data-label=\"Portfolio\" data-id=\"portfolio--2\" data-export-id=\"portfolio-5\" data-category=\"portfolio\" data-section-ov=\"1\">\n<div  class=\"gridContainer\">\n<div  class=\"row space-bottom spaced-cols\" data-type=\"row\">\n<div  class=\"col-xs-12 col-sm-4 text-center\">\n<div  class=\"card no-padding bordered\">\n<div  class=\"contentswap-effect\" data-hover-fx=\"portfolio-6\">\n<div  class=\"initial-image\"><img  decoding=\"async\" src=\"http:\/\/www.ch-semur.fr\/wp-content\/uploads\/2024\/09\/cropped-cpr-first-aid-training-concept-scaled-1.jpg\" data-size=\"500x333\"><\/div>\n<div  class=\"overlay bg-color6\">&nbsp;<\/div>\n<div  class=\"swap-inner col-xs-12\">\n<div  class=\"row full-height-row middle-xs middle-sm\">\n<div  class=\"col-xs-12 text-center content-holder\"><a class=\"button small color7 white-text\" href=\"http:\/\/www.ch-semur.fr\/wp-content\/uploads\/2024\/09\/Programme-FGSU1-V2-oct-23.pdf\" target=\"lightbox\" rel=\"noopener\" data-cp-link=\"1\" data-icon=\"\">T\u00e9l\u00e9charger le programme de formation<\/a><\/div>\n<\/div>\n<\/div>\n<\/div>\n<div  class=\"col-xs-12\">\n<div  class=\"space-bottom space-top\" data-type=\"column\">\n<h5  class=\"\">Gestes et soins d\u2019urgences<\/h5>\n<p  class=\"small italic\">Niveau 1<\/p>\n<p  class=\"\">Taux de satisfaction en 2023 : 100%<\/p>\n<p  class=\"\">Nombre de stagiaires en 2023 : 57<\/p>\n<\/div>\n<\/div>\n<\/div>\n<\/div>\n<div  class=\"col-xs-12 col-sm-4 text-center\">\n<div  class=\"card no-padding bordered\">\n<div  class=\"contentswap-effect\" data-hover-fx=\"portfolio-6\">\n<div  class=\"initial-image\"><img  decoding=\"async\" src=\"http:\/\/www.ch-semur.fr\/wp-content\/uploads\/2024\/09\/cropped-cpr-first-aid-training-concept-1-scaled-1.jpg\" data-size=\"500x333\"><\/div>\n<div  class=\"overlay bg-color6\">&nbsp;<\/div>\n<div  class=\"swap-inner col-xs-12\">\n<div  class=\"row full-height-row middle-xs middle-sm\">\n<div  class=\"col-xs-12 text-center content-holder\"><a class=\"button small color7 white-text\" href=\"http:\/\/www.ch-semur.fr\/wp-content\/uploads\/2024\/09\/Programme-FGSU-2-V2-oct-23.pdf\" target=\"lightbox\" rel=\"noopener\" data-cp-link=\"1\" data-icon=\"\">T\u00e9l\u00e9charger le programme de formation<\/a><\/div>\n<\/div>\n<\/div>\n<\/div>\n<div  class=\"col-xs-12\">\n<div  class=\"space-bottom space-top\" data-type=\"column\">\n<h5  class=\"\">Gestes et soins d\u2019urgences<\/h5>\n<p  class=\"small italic\">Niveau 2<\/p>\n<p  class=\"\">Taux de satisfaction en 2023 : 100%<\/p>\n<p  class=\"\">Nombre de stagiaires en 2023 : 78<\/p>\n<\/div>\n<\/div>\n<\/div>\n<\/div>\n<div  class=\"col-xs-12 col-sm-4 text-center\">\n<div  class=\"card no-padding bordered\">\n<div  class=\"contentswap-effect\" data-hover-fx=\"portfolio-6\">\n<div  class=\"initial-image\"><img  decoding=\"async\" src=\"http:\/\/www.ch-semur.fr\/wp-content\/uploads\/2024\/09\/medical-students-are-practicing-scaled.jpg\" data-size=\"500x333\"><\/div>\n<div  class=\"overlay bg-color6\">&nbsp;<\/div>\n<div  class=\"swap-inner col-xs-12\">\n<div  class=\"row full-height-row middle-xs middle-sm\">\n<div  class=\"col-xs-12 text-center content-holder\"><a class=\"button small color7 white-text\" href=\"http:\/\/www.ch-semur.fr\/wp-content\/uploads\/2024\/09\/Programme-revalidation-FGSU1-V2-oct-23.pdf\" target=\"lightbox\" rel=\"noopener\" data-cp-link=\"1\" data-icon=\"\">T\u00e9l\u00e9charger le programme de formation<\/a><\/div>\n<\/div>\n<\/div>\n<\/div>\n<div  class=\"col-xs-12\">\n<div  class=\"space-bottom space-top\" data-type=\"column\">\n<h5  class=\"\">Gestes et soins d\u2019urgences<\/h5>\n<p  class=\"small italic\">Revalidation niveau 1<\/p>\n<p  class=\"\">Pas de formation en 2023<\/p>\n<p  class=\"\">Nombre de stagiaires en 2023 : \/<\/p>\n<\/div>\n<\/div>\n<\/div>\n<\/div>\n<div  class=\"col-xs-12 col-sm-4 text-center\">\n<div  class=\"card no-padding bordered\">\n<div  class=\"contentswap-effect\" data-hover-fx=\"portfolio-6\">\n<div  class=\"initial-image\"><img  decoding=\"async\" src=\"http:\/\/www.ch-semur.fr\/wp-content\/uploads\/2024\/09\/cropped-cpr-first-aid-training-concept-scaled-1.jpg\" data-size=\"500x333\"><\/div>\n<div  class=\"overlay bg-color6\">&nbsp;<\/div>\n<div  class=\"swap-inner col-xs-12\">\n<div  class=\"row full-height-row middle-xs middle-sm\">\n<div  class=\"col-xs-12 text-center content-holder\"><a class=\"button small color7 white-text\" href=\"http:\/\/www.ch-semur.fr\/wp-content\/uploads\/2024\/09\/Programme-revalidation-FGSU2-V2-oct-23.pdf\" target=\"lightbox\" rel=\"noopener\" data-cp-link=\"1\" data-icon=\"\">T\u00e9l\u00e9charger le programme de formation<\/a><\/div>\n<\/div>\n<\/div>\n<\/div>\n<div  class=\"col-xs-12\">\n<div  class=\"space-bottom space-top\" data-type=\"column\">\n<h5  class=\"\">Gestes et soins d\u2019urgences<\/h5>\n<p  class=\"small italic\">Revalidation niveau 2<\/p>\n<p  class=\"\">Taux de satisfaction en 2023 : 100%<\/p>\n<p  class=\"\">Nombre de stagiaires en 2023 : 9<\/p>\n<\/div>\n<\/div>\n<\/div>\n<\/div>\n<div  class=\"col-xs-12 col-sm-4 text-center\">\n<div  class=\"card no-padding bordered\">\n<div  class=\"contentswap-effect\" data-hover-fx=\"portfolio-6\">\n<div  class=\"initial-image\"><img  decoding=\"async\" src=\"http:\/\/www.ch-semur.fr\/wp-content\/uploads\/2021\/10\/cropped-Team-of-office-workers-planning-business-on-giant-calendar-scaled-e1634042751101.jpg\" data-size=\"500x333\"><\/div>\n<div  class=\"overlay bg-color6\">&nbsp;<\/div>\n<div  class=\"swap-inner col-xs-12\">\n<div  class=\"row full-height-row middle-xs middle-sm\">\n<div  class=\"col-xs-12 text-center content-holder\"><a class=\"button small color-black round\" href=\"#\" target=\"_self\" rel=\"noopener\" data-cp-link=\"1\" data-icon=\"\">Page en construction<\/a><\/div>\n<\/div>\n<\/div>\n<\/div>\n<div  class=\"col-xs-12\">\n<div  class=\"space-bottom space-top\" data-type=\"column\">\n<h5  class=\"\">Ressources<\/h5>\n<p  class=\"small italic\">Retrouvez ici toutes les ressources documentaires en lien avec les formation FGSU niveau 1 &amp; 2<\/p>\n<p  class=\"\">&nbsp;<\/p>\n<\/div>\n<\/div>\n<\/div>\n<\/div>\n<\/div>\n<div  class=\"row\">\n<div  class=\"col-xs-12 text-center\" data-type=\"column\">&nbsp;<\/div>\n<\/div>\n<\/div>\n<\/div><div  id=\"cta-1\" class=\"cta-blue-section content-section content-section-spacing-medium bg-color1 white-text\" data-label=\"Cta\" data-id=\"cta--1\" data-export-id=\"cta-blue-section\" data-category=\"cta\">\n<div  class=\"gridContainer\">\n<div  class=\"row middle-xs\">\n<div  class=\"col-sm-8 space-bottom-xs\" data-type=\"column\">\n<p  class=\"lead\"><span  style=\"color: #000000;\">Une question ou demande de formation ? Contactez-nous !<\/span><\/p>\n<\/div>\n<div  class=\"col-sm-4 end-sm\" data-type=\"column\"><a class=\"button color7 white-text\" href=\"http:\/\/www.ch-semur.fr\/wp-content\/uploads\/2024\/08\/CH-SEA-Affiche-Referents-handicap.pdf\" target=\"_self\" rel=\"noopener\" data-cp-link=\"1\" data-icon=\"\">Les r\u00e9f\u00e9rents handicap<\/a><a class=\"button color7 white-text\" href=\"mailto:direction@ch-semur.fr\" target=\"_self\" rel=\"noopener\" data-cp-link=\"1\" data-icon=\"\">Contact pour une r\u00e9clamation<\/a><a class=\"button color7 white-text\" href=\"mailto:annelaure.lecaro@ch-hco.fr\" target=\"_self\" rel=\"noopener\" data-cp-link=\"1\" data-icon=\"\">Contact pour une demande d\u2019information<\/a><a class=\"button color7 white-text\" href=\"https:\/\/www.openstreetmap.org\/#map=16\/47.49450\/4.34430\" target=\"_self\" rel=\"noopener\" data-cp-link=\"1\" data-icon=\"\">Le plan d\u2019acc\u00e8s<\/a><\/div>\n<\/div>\n<\/div>\n<\/div><figure  class=\"wp-block-image\"><\/figure><p >&nbsp;<\/p>","protected":false},"excerpt":{"rendered":"<p>Le CH de Semur-en-Auxois est engag\u00e9 dans une d\u00e9marche d\u2019am\u00e9lioration continue visant \u00e0 garantir aux patients une offre de soins de qualit\u00e9. Pour cela, il s\u2019engage \u00e0 proposer des formations de qualit\u00e9 \u00e0 destination des professionnels de sant\u00e9.&nbsp;L\u2019\u00e9tablissement est un organisme de formation depuis 2011 et il dispense&nbsp;\u00e0 ce titre des programmes de formation courtes&hellip; <br \/> <a class=\"read-more\" href=\"http:\/\/www.ch-semur.fr\/index.php\/formation-continue\/\">Lire la suite<\/a><\/p>\n","protected":false},"author":2,"featured_media":2816,"parent":0,"menu_order":0,"comment_status":"closed","ping_status":"closed","template":"","meta":{"footnotes":""},"class_list":["post-2815","page","type-page","status-publish","has-post-thumbnail","hentry"],"_links":{"self":[{"href":"http:\/\/www.ch-semur.fr\/index.php\/wp-json\/wp\/v2\/pages\/2815","targetHints":{"allow":["GET"]}}],"collection":[{"href":"http:\/\/www.ch-semur.fr\/index.php\/wp-json\/wp\/v2\/pages"}],"about":[{"href":"http:\/\/www.ch-semur.fr\/index.php\/wp-json\/wp\/v2\/types\/page"}],"author":[{"embeddable":true,"href":"http:\/\/www.ch-semur.fr\/index.php\/wp-json\/wp\/v2\/users\/2"}],"replies":[{"embeddable":true,"href":"http:\/\/www.ch-semur.fr\/index.php\/wp-json\/wp\/v2\/comments?post=2815"}],"version-history":[{"count":169,"href":"http:\/\/www.ch-semur.fr\/index.php\/wp-json\/wp\/v2\/pages\/2815\/revisions"}],"predecessor-version":[{"id":3516,"href":"http:\/\/www.ch-semur.fr\/index.php\/wp-json\/wp\/v2\/pages\/2815\/revisions\/3516"}],"wp:featuredmedia":[{"embeddable":true,"href":"http:\/\/www.ch-semur.fr\/index.php\/wp-json\/wp\/v2\/media\/2816"}],"wp:attachment":[{"href":"http:\/\/www.ch-semur.fr\/index.php\/wp-json\/wp\/v2\/media?parent=2815"}],"curies":[{"name":"wp","href":"https:\/\/api.w.org\/{rel}","templated":true}]}}