{"id":1325,"date":"2020-09-08T09:30:29","date_gmt":"2020-09-08T07:30:29","guid":{"rendered":"http:\/\/www.ch-semur.fr\/?page_id=1325"},"modified":"2025-11-07T15:30:59","modified_gmt":"2025-11-07T14:30:59","slug":"pharmacie","status":"publish","type":"page","link":"http:\/\/www.ch-semur.fr\/index.php\/loffre-de-soins\/pharmacie\/","title":{"rendered":"Pharmacie"},"content":{"rendered":"<div data-id='initial-content-section' data-export-id='initial-content-section' data-label='Initial Content' id='initial-content-section' class='content-section content-section-spacing'>\n<div class='gridContainer'>\n<div class='row'>\n<div class='col-xs-12 col-sm-12'>\n<p>\n\n\n<\/p>\n<p class=\"has-text-align-center\" style=\"font-size:45px\"><strong>Pharmacie<\/strong><\/p>\n<p>\n\n\n<\/p>\n<p>\n\n\n<\/p>\n<div style=\"height:20px\" aria-hidden=\"true\" class=\"wp-block-spacer\"><\/div>\n<p>\n\n\n<\/p>\n<p>\n\n\n<\/p>\n<hr class=\"wp-block-separator is-style-wide\"\/>\n\n\n<\/p>\n<p>\n\n\n<\/p>\n<div style=\"height:40px\" aria-hidden=\"true\" class=\"wp-block-spacer\"><\/div>\n<p>\n\n\n<\/p>\n<p>\n\n\n<\/p>\n<div class=\"wp-block-columns is-layout-flex wp-container-core-columns-is-layout-9d6595d7 wp-block-columns-is-layout-flex\">\n\n<\/p>\n<div class=\"wp-block-column is-layout-flow wp-block-column-is-layout-flow\">\n\n<\/p>\n<figure class=\"wp-block-image size-large\"><img loading=\"lazy\" decoding=\"async\" width=\"500\" height=\"330\" src=\"http:\/\/www.ch-semur.fr\/wp-content\/uploads\/2020\/09\/uploded_istock-522127396-1551352937-500x330.jpg\" alt=\"\" class=\"wp-image-1390\" srcset=\"http:\/\/www.ch-semur.fr\/wp-content\/uploads\/2020\/09\/uploded_istock-522127396-1551352937-500x330.jpg 500w, http:\/\/www.ch-semur.fr\/wp-content\/uploads\/2020\/09\/uploded_istock-522127396-1551352937-300x198.jpg 300w, http:\/\/www.ch-semur.fr\/wp-content\/uploads\/2020\/09\/uploded_istock-522127396-1551352937.jpg 540w\" sizes=\"auto, (max-width: 500px) 100vw, 500px\" \/><\/figure>\n<p>\n\n<\/div>\n<p>\n\n<\/p>\n<p>\n\n<\/p>\n<div class=\"wp-block-column is-layout-flow wp-block-column-is-layout-flow\">\n\n<\/p>\n<figure class=\"wp-block-image size-large\"><img loading=\"lazy\" decoding=\"async\" width=\"500\" height=\"333\" src=\"http:\/\/www.ch-semur.fr\/wp-content\/uploads\/2020\/09\/medicaments-Iryna_Tiumentseva-1200-shutterstock-500x333.jpg\" alt=\"\" class=\"wp-image-1395\" srcset=\"http:\/\/www.ch-semur.fr\/wp-content\/uploads\/2020\/09\/medicaments-Iryna_Tiumentseva-1200-shutterstock-500x333.jpg 500w, http:\/\/www.ch-semur.fr\/wp-content\/uploads\/2020\/09\/medicaments-Iryna_Tiumentseva-1200-shutterstock-300x200.jpg 300w, http:\/\/www.ch-semur.fr\/wp-content\/uploads\/2020\/09\/medicaments-Iryna_Tiumentseva-1200-shutterstock-768x512.jpg 768w, http:\/\/www.ch-semur.fr\/wp-content\/uploads\/2020\/09\/medicaments-Iryna_Tiumentseva-1200-shutterstock-1024x683.jpg 1024w, http:\/\/www.ch-semur.fr\/wp-content\/uploads\/2020\/09\/medicaments-Iryna_Tiumentseva-1200-shutterstock.jpg 1200w\" sizes=\"auto, (max-width: 500px) 100vw, 500px\" \/><\/figure>\n<p>\n\n<\/div>\n<p>\n\n<\/p>\n<p>\n\n<\/p>\n<div class=\"wp-block-column is-layout-flow wp-block-column-is-layout-flow\">\n\n<\/p>\n<figure class=\"wp-block-image size-large\"><img loading=\"lazy\" decoding=\"async\" width=\"500\" height=\"333\" src=\"http:\/\/www.ch-semur.fr\/wp-content\/uploads\/2019\/12\/Pharmacie-500x333.jpg\" alt=\"\" class=\"wp-image-736\" srcset=\"http:\/\/www.ch-semur.fr\/wp-content\/uploads\/2019\/12\/Pharmacie-500x333.jpg 500w, http:\/\/www.ch-semur.fr\/wp-content\/uploads\/2019\/12\/Pharmacie-300x200.jpg 300w, http:\/\/www.ch-semur.fr\/wp-content\/uploads\/2019\/12\/Pharmacie-768x512.jpg 768w, http:\/\/www.ch-semur.fr\/wp-content\/uploads\/2019\/12\/Pharmacie-1536x1024.jpg 1536w, http:\/\/www.ch-semur.fr\/wp-content\/uploads\/2019\/12\/Pharmacie-2048x1365.jpg 2048w, http:\/\/www.ch-semur.fr\/wp-content\/uploads\/2019\/12\/Pharmacie-1024x683.jpg 1024w, http:\/\/www.ch-semur.fr\/wp-content\/uploads\/2019\/12\/Pharmacie-1620x1080.jpg 1620w\" sizes=\"auto, (max-width: 500px) 100vw, 500px\" \/><\/figure>\n<p>\n\n<\/div>\n<p>\n\n<\/p>\n<p>\n\n<\/p>\n<div class=\"wp-block-column is-layout-flow wp-block-column-is-layout-flow\">\n\n<\/p>\n<figure class=\"wp-block-image size-large\"><img loading=\"lazy\" decoding=\"async\" width=\"500\" height=\"337\" src=\"http:\/\/www.ch-semur.fr\/wp-content\/uploads\/2020\/09\/FHPMCO-Pharmaciens-Officines-Me\u0301dicaments-Sans-Prescription-Ordonnance-500x337.jpeg\" alt=\"\" class=\"wp-image-1388\" srcset=\"http:\/\/www.ch-semur.fr\/wp-content\/uploads\/2020\/09\/FHPMCO-Pharmaciens-Officines-Me\u0301dicaments-Sans-Prescription-Ordonnance-500x337.jpeg 500w, http:\/\/www.ch-semur.fr\/wp-content\/uploads\/2020\/09\/FHPMCO-Pharmaciens-Officines-Me\u0301dicaments-Sans-Prescription-Ordonnance-300x202.jpeg 300w, http:\/\/www.ch-semur.fr\/wp-content\/uploads\/2020\/09\/FHPMCO-Pharmaciens-Officines-Me\u0301dicaments-Sans-Prescription-Ordonnance-768x518.jpeg 768w, http:\/\/www.ch-semur.fr\/wp-content\/uploads\/2020\/09\/FHPMCO-Pharmaciens-Officines-Me\u0301dicaments-Sans-Prescription-Ordonnance.jpeg 1024w\" sizes=\"auto, (max-width: 500px) 100vw, 500px\" \/><\/figure>\n<p>\n\n<\/div>\n<p>\n\n<\/div>\n<p>\n\n\n<\/p>\n<p>\n\n\n<\/p>\n<h4 class=\"has-text-align-left wp-block-heading\"><strong>Au sein de la pharmacie du Centre Hospitalier de Semur-en-Auxois, les pharmaciens, pr\u00e9parateurs et logisticiens travaillent ensemble, afin de remplir les missions suivantes : <\/strong><\/h4>\n<p>\n\n\n<\/p>\n<p>\n\n\n<\/p>\n<ul class=\"wp-block-list\">\n<li><span class=\"has-inline-color has-black-color\">Assurance du bon usage des m\u00e9dicaments et de l\u2019approvisionnement en m\u00e9dicaments et dispositifs m\u00e9dicaux pour les patients hospitalis\u00e9s<\/span><\/li>\n<li><span class=\"has-inline-color has-black-color\">Analyse pharmaceutique des prescriptions<\/span><\/li>\n<li><span class=\"has-inline-color has-black-color\">Pr\u00e9paration de m\u00e9dicaments anticanc\u00e9reux<\/span><\/li>\n<li><span class=\"has-inline-color has-black-color\">Pr\u00e9paration des piluliers pour les r\u00e9sidents de l&rsquo;EHPAD<\/span><\/li>\n<li><span class=\"has-inline-color has-black-color\">R\u00e9trocession aux patients externes<\/span><\/li>\n<\/ul>\n<p>\n\n\n<\/p>\n<p>\n\n\n<\/p>\n<h4 class=\"wp-block-heading\"><span class=\"has-inline-color has-black-color\"><strong>Localisation : <\/strong><\/span><\/h4>\n<p>\n\n\n<\/p>\n<p>\n\n\n<\/p>\n<ul class=\"wp-block-list\">\n<li><span class=\"has-inline-color has-black-color\">P\u00f4le logistique situ\u00e9 au sein du Centre Hospitalier, en contre-bas \u00e0 droite de l&rsquo;H\u00f4pital G\u00e9n\u00e9ral.<\/span><\/li>\n<\/ul>\n<p>\n\n\n<\/p>\n<p>\n\n\n<\/p>\n<h4 class=\"has-text-align-left wp-block-heading\"><strong>Horaires d&rsquo;ouverture : <\/strong><\/h4>\n<p>\n\n\n<\/p>\n<p>\n\n\n<p><\/p>\n\n\n\n<ul class=\"wp-block-list\">\n<li><span class=\"has-inline-color has-black-color\">Du lundi au vendredi de 8h30 \u00e0 17h45<\/span><\/li>\n<\/ul>\n\n\n\n<p><\/p>\n\n\n<\/p>\n<p>\n\n\n<\/p>\n<h4 class=\"has-text-align-left wp-block-heading\"><strong>T\u00e9l\u00e9phone : <\/strong>03 80 89 65 30<\/h4>\n<p>\n\n\n<\/p>\n<p>\n\n\n<\/p>\n<div class=\"wp-block-columns is-layout-flex wp-container-core-columns-is-layout-9d6595d7 wp-block-columns-is-layout-flex\">\n\n<\/p>\n<div class=\"wp-block-column is-layout-flow wp-block-column-is-layout-flow\" style=\"flex-basis:30%\"><\/div>\n<p>\n\n<\/p>\n<p>\n\n<\/p>\n<div class=\"wp-block-column is-layout-flow wp-block-column-is-layout-flow\" style=\"flex-basis:50%\">\n\n<\/p>\n<figure class=\"wp-block-image size-large\"><img loading=\"lazy\" decoding=\"async\" width=\"500\" height=\"354\" src=\"http:\/\/www.ch-semur.fr\/wp-content\/uploads\/2020\/09\/retrocession1-500x354.png\" alt=\"\" class=\"wp-image-1347\" srcset=\"http:\/\/www.ch-semur.fr\/wp-content\/uploads\/2020\/09\/retrocession1-500x354.png 500w, http:\/\/www.ch-semur.fr\/wp-content\/uploads\/2020\/09\/retrocession1-300x212.png 300w, http:\/\/www.ch-semur.fr\/wp-content\/uploads\/2020\/09\/retrocession1-768x543.png 768w, http:\/\/www.ch-semur.fr\/wp-content\/uploads\/2020\/09\/retrocession1-1536x1086.png 1536w, http:\/\/www.ch-semur.fr\/wp-content\/uploads\/2020\/09\/retrocession1-2048x1448.png 2048w, http:\/\/www.ch-semur.fr\/wp-content\/uploads\/2020\/09\/retrocession1-1024x724.png 1024w, http:\/\/www.ch-semur.fr\/wp-content\/uploads\/2020\/09\/retrocession1-1527x1080.png 1527w\" sizes=\"auto, (max-width: 500px) 100vw, 500px\" \/><figcaption><span class=\"has-inline-color has-black-color\">La r\u00e9trocession correspond \u00e0 la d\u00e9livrance de m\u00e9dicaments disponibles uniquement \u00e0 l&rsquo;h\u00f4pital, pour des patients provenant de l&rsquo;ext\u00e9rieur. <\/span><br \/><span class=\"has-inline-color has-black-color\">Elle concerne des m\u00e9dicaments non disponibles en pharmacie de ville.<\/span><\/figcaption><\/figure>\n<p>\n\n<\/div>\n<p>\n\n<\/p>\n<p>\n\n<\/p>\n<div class=\"wp-block-column is-layout-flow wp-block-column-is-layout-flow\" style=\"flex-basis:33.333%\"><\/div>\n<p>\n\n<\/div>\n<p>\n\n\n<\/p>\n<p>\n\n\n<\/p>\n<p>\n\n\n<\/p><\/div>\n<\/p><\/div>\n<\/p><\/div>\n<\/div>","protected":false},"excerpt":{"rendered":"<p>Pharmacie Au sein de la pharmacie du Centre Hospitalier de Semur-en-Auxois, les pharmaciens, pr\u00e9parateurs et logisticiens travaillent ensemble, afin de remplir les missions suivantes : Assurance du bon usage des m\u00e9dicaments et de l\u2019approvisionnement en m\u00e9dicaments et dispositifs m\u00e9dicaux pour les patients hospitalis\u00e9s Analyse pharmaceutique des prescriptions Pr\u00e9paration de m\u00e9dicaments anticanc\u00e9reux Pr\u00e9paration des piluliers pour&hellip; <br \/> <a class=\"read-more\" href=\"http:\/\/www.ch-semur.fr\/index.php\/loffre-de-soins\/pharmacie\/\">Lire la suite<\/a><\/p>\n","protected":false},"author":2,"featured_media":0,"parent":108,"menu_order":0,"comment_status":"closed","ping_status":"closed","template":"page-templates\/homepage.php","meta":{"footnotes":""},"class_list":["post-1325","page","type-page","status-publish","hentry"],"_links":{"self":[{"href":"http:\/\/www.ch-semur.fr\/index.php\/wp-json\/wp\/v2\/pages\/1325","targetHints":{"allow":["GET"]}}],"collection":[{"href":"http:\/\/www.ch-semur.fr\/index.php\/wp-json\/wp\/v2\/pages"}],"about":[{"href":"http:\/\/www.ch-semur.fr\/index.php\/wp-json\/wp\/v2\/types\/page"}],"author":[{"embeddable":true,"href":"http:\/\/www.ch-semur.fr\/index.php\/wp-json\/wp\/v2\/users\/2"}],"replies":[{"embeddable":true,"href":"http:\/\/www.ch-semur.fr\/index.php\/wp-json\/wp\/v2\/comments?post=1325"}],"version-history":[{"count":53,"href":"http:\/\/www.ch-semur.fr\/index.php\/wp-json\/wp\/v2\/pages\/1325\/revisions"}],"predecessor-version":[{"id":3549,"href":"http:\/\/www.ch-semur.fr\/index.php\/wp-json\/wp\/v2\/pages\/1325\/revisions\/3549"}],"up":[{"embeddable":true,"href":"http:\/\/www.ch-semur.fr\/index.php\/wp-json\/wp\/v2\/pages\/108"}],"wp:attachment":[{"href":"http:\/\/www.ch-semur.fr\/index.php\/wp-json\/wp\/v2\/media?parent=1325"}],"curies":[{"name":"wp","href":"https:\/\/api.w.org\/{rel}","templated":true}]}}