{"id":108,"date":"2019-10-01T11:14:02","date_gmt":"2019-10-01T09:14:02","guid":{"rendered":"http:\/\/ch-semur.ovh\/?page_id=108"},"modified":"2021-07-15T16:53:28","modified_gmt":"2021-07-15T14:53:28","slug":"loffre-de-soins","status":"publish","type":"page","link":"http:\/\/www.ch-semur.fr\/index.php\/loffre-de-soins\/","title":{"rendered":"Offre de soins"},"content":{"rendered":"\n<p class=\"has-text-align-center has-cyan-bluish-gray-color has-text-color\" style=\"font-size:45px\"><strong>Offre de soins<\/strong><br><\/p>\n\n\n\n<div style=\"height:20px\" aria-hidden=\"true\" class=\"wp-block-spacer\"><\/div>\n\n\n\n<hr class=\"wp-block-separator is-style-default\"\/>\n\n\n\n<div style=\"height:20px\" aria-hidden=\"true\" class=\"wp-block-spacer\"><\/div>\n\n\n\n<h4 class=\"has-black-color has-text-color wp-block-heading\">Le Centre Hospitalier s&rsquo;organise autour de 3 p\u00f4les d&rsquo;activit\u00e9 permettant de faciliter la <strong><span style=\"color:#e22b68\" class=\"has-inline-color\">coop\u00e9ration<\/span><\/strong> et la <strong><span style=\"color:#e22b68\" class=\"has-inline-color\">transversalit\u00e9<\/span> <\/strong>entre les \u00e9quipes des diff\u00e9rents services. Le <strong><span style=\"color:#e22b68\" class=\"has-inline-color\">parcours des patients<\/span><\/strong> se trouve facilit\u00e9 par la pr\u00e9sence de diff\u00e9rentes sp\u00e9cialit\u00e9s et par la mise en place de r\u00e9unions de concertations pluridisciplinaires. <\/h4>\n\n\n\n<div style=\"height:27px\" aria-hidden=\"true\" class=\"wp-block-spacer\"><\/div>\n\n\n\n<p><\/p>\n\n\n\n<div class=\"wp-block-image\"><figure class=\"aligncenter is-resized\"><a href=\"pole-medecine-chirurgie-obstetrique-mco\"><img loading=\"lazy\" decoding=\"async\" src=\"http:\/\/ch-semur.ovh\/wp-content\/uploads\/2019\/12\/MCO-5-500x312.jpg\" alt=\"Image lien vers page M\u00e9decine Chirurgie Obst\u00e9trique\" class=\"wp-image-472\" width=\"500\" height=\"312\" srcset=\"http:\/\/www.ch-semur.fr\/wp-content\/uploads\/2019\/12\/MCO-5-500x312.jpg 500w, http:\/\/www.ch-semur.fr\/wp-content\/uploads\/2019\/12\/MCO-5-300x187.jpg 300w, http:\/\/www.ch-semur.fr\/wp-content\/uploads\/2019\/12\/MCO-5-768x480.jpg 768w, http:\/\/www.ch-semur.fr\/wp-content\/uploads\/2019\/12\/MCO-5-1536x960.jpg 1536w, http:\/\/www.ch-semur.fr\/wp-content\/uploads\/2019\/12\/MCO-5-1024x640.jpg 1024w, http:\/\/www.ch-semur.fr\/wp-content\/uploads\/2019\/12\/MCO-5-1728x1080.jpg 1728w, http:\/\/www.ch-semur.fr\/wp-content\/uploads\/2019\/12\/MCO-5.jpg 1890w\" sizes=\"auto, (max-width: 500px) 100vw, 500px\" \/><\/a><\/figure><\/div>\n\n\n\n<div class=\"wp-block-image\"><figure class=\"aligncenter size-large\"><a href=\"www.ch-semur.fr\/index.php\/urgences\/\"><img loading=\"lazy\" decoding=\"async\" width=\"500\" height=\"312\" src=\"http:\/\/www.ch-semur.fr\/wp-content\/uploads\/2020\/11\/UPT.png\" alt=\"\" class=\"wp-image-1776\" srcset=\"http:\/\/www.ch-semur.fr\/wp-content\/uploads\/2020\/11\/UPT.png 500w, http:\/\/www.ch-semur.fr\/wp-content\/uploads\/2020\/11\/UPT-300x187.png 300w\" sizes=\"auto, (max-width: 500px) 100vw, 500px\" \/><\/a><\/figure><\/div>\n\n\n\n<div class=\"wp-block-image\"><figure class=\"aligncenter size-large is-resized\"><a href=\"http:\/\/ch-semur.ovh\/index.php\/psychiatrie-sante-mentale\/\"><img loading=\"lazy\" decoding=\"async\" src=\"http:\/\/ch-semur.ovh\/wp-content\/uploads\/2019\/12\/PSM-500x312.jpg\" alt=\"Image lien vers page Psychiatrie Sant\u00e9 Mentale\" class=\"wp-image-476\" width=\"500\" height=\"312\" srcset=\"http:\/\/www.ch-semur.fr\/wp-content\/uploads\/2019\/12\/PSM-500x312.jpg 500w, http:\/\/www.ch-semur.fr\/wp-content\/uploads\/2019\/12\/PSM-300x187.jpg 300w, http:\/\/www.ch-semur.fr\/wp-content\/uploads\/2019\/12\/PSM-768x480.jpg 768w, http:\/\/www.ch-semur.fr\/wp-content\/uploads\/2019\/12\/PSM-1536x960.jpg 1536w, http:\/\/www.ch-semur.fr\/wp-content\/uploads\/2019\/12\/PSM-1024x640.jpg 1024w, http:\/\/www.ch-semur.fr\/wp-content\/uploads\/2019\/12\/PSM-1728x1080.jpg 1728w, http:\/\/www.ch-semur.fr\/wp-content\/uploads\/2019\/12\/PSM.jpg 1890w\" sizes=\"auto, (max-width: 500px) 100vw, 500px\" \/><\/a><\/figure><\/div>\n\n\n\n<div style=\"height:26px\" aria-hidden=\"true\" class=\"wp-block-spacer\"><\/div>\n\n\n\n<h4 class=\"has-text-align-center wp-block-heading\"> Annuaire des consultations \u25ba <a href=\"http:\/\/www.ch-semur.fr\/wp-content\/uploads\/2021\/06\/CONSULTATIONS_CH-Semur_Juin-Septembre_2021_Nume\u0301rique.pdf\" target=\"_blank\" rel=\"noreferrer noopener\">T\u00e9l\u00e9charger<\/a><\/h4>\n","protected":false},"excerpt":{"rendered":"<p>Offre de soins Le Centre Hospitalier s&rsquo;organise autour de 3 p\u00f4les d&rsquo;activit\u00e9 permettant de faciliter la coop\u00e9ration et la transversalit\u00e9 entre les \u00e9quipes des diff\u00e9rents services. Le parcours des patients se trouve facilit\u00e9 par la pr\u00e9sence de diff\u00e9rentes sp\u00e9cialit\u00e9s et par la mise en place de r\u00e9unions de concertations pluridisciplinaires. Annuaire des consultations \u25ba T\u00e9l\u00e9charger<\/p>\n","protected":false},"author":2,"featured_media":0,"parent":0,"menu_order":0,"comment_status":"closed","ping_status":"closed","template":"page-templates\/homepage.php","meta":{"footnotes":""},"class_list":["post-108","page","type-page","status-publish","hentry"],"_links":{"self":[{"href":"http:\/\/www.ch-semur.fr\/index.php\/wp-json\/wp\/v2\/pages\/108","targetHints":{"allow":["GET"]}}],"collection":[{"href":"http:\/\/www.ch-semur.fr\/index.php\/wp-json\/wp\/v2\/pages"}],"about":[{"href":"http:\/\/www.ch-semur.fr\/index.php\/wp-json\/wp\/v2\/types\/page"}],"author":[{"embeddable":true,"href":"http:\/\/www.ch-semur.fr\/index.php\/wp-json\/wp\/v2\/users\/2"}],"replies":[{"embeddable":true,"href":"http:\/\/www.ch-semur.fr\/index.php\/wp-json\/wp\/v2\/comments?post=108"}],"version-history":[{"count":56,"href":"http:\/\/www.ch-semur.fr\/index.php\/wp-json\/wp\/v2\/pages\/108\/revisions"}],"predecessor-version":[{"id":2688,"href":"http:\/\/www.ch-semur.fr\/index.php\/wp-json\/wp\/v2\/pages\/108\/revisions\/2688"}],"wp:attachment":[{"href":"http:\/\/www.ch-semur.fr\/index.php\/wp-json\/wp\/v2\/media?parent=108"}],"curies":[{"name":"wp","href":"https:\/\/api.w.org\/{rel}","templated":true}]}}